{"id":3,"date":"2025-03-20T02:23:17","date_gmt":"2025-03-20T02:23:17","guid":{"rendered":"https:\/\/klatixmob.com\/?page_id=3"},"modified":"2025-03-20T05:20:02","modified_gmt":"2025-03-20T05:20:02","slug":"datenschutzrichtlinie","status":"publish","type":"page","link":"https:\/\/klatixmob.com\/de\/politica-de-privacidade\/","title":{"rendered":"Datenschutzrichtlinien"},"content":{"rendered":"<p>Willkommen bei\u00a0<strong>Klatix<\/strong>Mob. Diese Datenschutzrichtlinie beschreibt, wie wir Informationen \u00fcber Sie sammeln, verwenden und weitergeben, wenn Sie auf unsere Website zugreifen oder diese nutzen.<\/p>\n\n\n\n<ol class=\"wp-block-list\">\n<li>Von uns erfasste Informationen Personenbezogene Daten: Wir erfassen personenbezogene Daten, die Sie uns freiwillig zur Verf\u00fcgung stellen, wie etwa Ihren Namen, Ihre E-Mail-Adresse und andere Kontaktinformationen, wenn Sie sich f\u00fcr Updates anmelden oder auf andere Weise mit uns kommunizieren. Nutzungsdaten: Wir erfassen automatisch Informationen dar\u00fcber, wie Sie auf die Site zugreifen und sie verwenden, einschlie\u00dflich Ihres Ger\u00e4tetyps, Webbrowsers, besuchter Seiten, Klicks, Nutzungsmuster und anderer Nutzungsinformationen. Cookies und Tracking-Technologien: Wir verwenden Cookies und Tracking-Technologien, um Ihr Erlebnis zu personalisieren und Daten \u00fcber Ihre Interaktion mit der Website und den angezeigten Anzeigen zu sammeln.<\/li>\n\n\n\n<li>Verwendung von Informationen Wir verwenden Ihre Informationen, um:<\/li>\n<\/ol>\n\n\n\n<p>Bereitstellung, Wartung und Verbesserung unserer Website und Dienste. Mit Ihnen kommunizieren, auf Ihre Fragen und Anfragen antworten. Zeigen Sie personalisierte Anzeigen an und f\u00fchren Sie Datenanalysen durch.<\/p>\n\n\n\n<ol start=\"3\" class=\"wp-block-list\">\n<li>Weitergabe von Informationen: Wir k\u00f6nnen Ihre Informationen unter folgenden Umst\u00e4nden an Dritte weitergeben:<\/li>\n<\/ol>\n\n\n\n<p>Dienstanbieter: Wir geben Informationen an Anbieter weiter, die uns beim Betrieb der Site unterst\u00fctzen, beispielsweise beim Webhosting und bei der Datenanalyse. Google Ad Exchange: Soweit erforderlich, um Anzeigen \u00fcber Google Ad Exchange anzuzeigen. Einhaltung gesetzlicher Vorschriften: Wenn dies zur Einhaltung gesetzlicher Vorschriften oder als Reaktion auf ein Gerichtsverfahren erforderlich ist.<\/p>\n\n\n\n<ol start=\"4\" class=\"wp-block-list\">\n<li>Google AdSense: Gem\u00e4\u00df den Google AdSense-Bedingungen informieren wir Sie dar\u00fcber, dass Google als Drittanbieter Cookies verwendet, um Anzeigen auf unserer Website zu schalten. Durch die Verwendung des DART-Cookies durch Google kann Google unseren Nutzern Anzeigen auf Grundlage ihrer vorherigen Besuche auf unserer Site und anderen Sites im Internet bereitstellen. Benutzer k\u00f6nnen die Verwendung des DART-Cookies ablehnen, indem sie die Datenschutzrichtlinie des Google-Anzeigen- und Content-Netzwerks aufrufen.<\/li>\n\n\n\n<li>\u00c4nderungen der Datenschutzrichtlinie Wir k\u00f6nnen unsere Datenschutzrichtlinie von Zeit zu Zeit aktualisieren. Wir werden Sie \u00fcber alle \u00c4nderungen informieren, indem wir die neue Datenschutzrichtlinie auf dieser Seite ver\u00f6ffentlichen.<\/li>\n\n\n\n<li>Kontakt Wenn Sie Fragen zu dieser Datenschutzrichtlinie haben, kontaktieren Sie uns bitte.<\/li>\n<\/ol>","protected":false},"excerpt":{"rendered":"<p>Bem-vindo ao\u00a0KlatixMob. Esta pol\u00edtica de privacidade descreve como coletamos, usamos e compartilhamos informa\u00e7\u00f5es sobre voc\u00ea quando acessa ou usa nosso site. Fornecer, manter e melhorar nosso site e servi\u00e7os. Comunicar-nos com voc\u00ea, responder suas perguntas e solicita\u00e7\u00f5es. Exibir an\u00fancios personalizados e realizar an\u00e1lises de dados. Fornecedores de Servi\u00e7os: Compartilhamos informa\u00e7\u00f5es com fornecedores que nos ajudam &#8230; <a title=\"Datenschutzrichtlinien\" class=\"read-more\" href=\"https:\/\/klatixmob.com\/de\/politica-de-privacidade\/\" aria-label=\"Mehr Informationen \u00fcber Pol\u00edticas de Privacidade\">mehr lesen<\/a><\/p>","protected":false},"author":1,"featured_media":0,"parent":0,"menu_order":0,"comment_status":"closed","ping_status":"open","template":"","meta":{"footnotes":""},"class_list":["post-3","page","type-page","status-publish"],"_links":{"self":[{"href":"https:\/\/klatixmob.com\/de\/wp-json\/wp\/v2\/pages\/3","targetHints":{"allow":["GET"]}}],"collection":[{"href":"https:\/\/klatixmob.com\/de\/wp-json\/wp\/v2\/pages"}],"about":[{"href":"https:\/\/klatixmob.com\/de\/wp-json\/wp\/v2\/types\/page"}],"author":[{"embeddable":true,"href":"https:\/\/klatixmob.com\/de\/wp-json\/wp\/v2\/users\/1"}],"replies":[{"embeddable":true,"href":"https:\/\/klatixmob.com\/de\/wp-json\/wp\/v2\/comments?post=3"}],"version-history":[{"count":1,"href":"https:\/\/klatixmob.com\/de\/wp-json\/wp\/v2\/pages\/3\/revisions"}],"predecessor-version":[{"id":34,"href":"https:\/\/klatixmob.com\/de\/wp-json\/wp\/v2\/pages\/3\/revisions\/34"}],"wp:attachment":[{"href":"https:\/\/klatixmob.com\/de\/wp-json\/wp\/v2\/media?parent=3"}],"curies":[{"name":"wp","href":"https:\/\/api.w.org\/{rel}","templated":true}]}}