{"id":31,"date":"2025-03-20T04:13:48","date_gmt":"2025-03-20T04:13:48","guid":{"rendered":"https:\/\/klatixmob.com\/?page_id=31"},"modified":"2025-03-24T05:44:11","modified_gmt":"2025-03-24T05:44:11","slug":"nutzungsbedingungen","status":"publish","type":"page","link":"https:\/\/klatixmob.com\/de\/termos-de-uso\/","title":{"rendered":"Nutzungsbedingungen"},"content":{"rendered":"<p>Wenn Sie weiterhin auf dieser Website surfen und sie verwenden, erkl\u00e4ren Sie sich damit einverstanden, die folgenden Nutzungsbedingungen einzuhalten und an diese gebunden zu sein. Diese regeln zusammen mit unserer Datenschutzrichtlinie die Beziehung von KlatixMob zu Ihnen.<\/p>\n\n\n\n<p>Wenn Sie mit irgendeinem Teil dieser Gesch\u00e4ftsbedingungen nicht einverstanden sind, nutzen Sie unsere Website bitte nicht.<\/p>\n\n\n\n<p>Die Nutzung dieser Website unterliegt den folgenden Nutzungsbedingungen:<\/p>\n\n\n\n<p>Der Inhalt der Seiten dieser Website dient ausschlie\u00dflich Ihrer allgemeinen Information und Nutzung. \u00c4nderungen vorbehalten. Weder wir noch Dritte \u00fcbernehmen eine Gew\u00e4hrleistung oder Garantie hinsichtlich der Genauigkeit, Aktualit\u00e4t, Leistung, Vollst\u00e4ndigkeit oder Eignung der auf dieser Website gefundenen oder angebotenen Informationen und Materialien f\u00fcr einen bestimmten Zweck. Die Nutzung aller Informationen oder Materialien auf dieser Website erfolgt ausschlie\u00dflich auf Ihr eigenes Risiko und wir \u00fcbernehmen hierf\u00fcr keine Haftung. Von Zeit zu Zeit kann diese Website auch Links zu anderen Websites enthalten. Diese Links dienen Ihrer Bequemlichkeit und bieten weitere Informationen. F\u00fcr den Inhalt der verlinkten Website(s) sind wir nicht verantwortlich.<\/p>","protected":false},"excerpt":{"rendered":"<p>Durch die weitere Nutzung dieser Website erkl\u00e4ren Sie sich mit den folgenden Nutzungsbedingungen einverstanden, die zusammen mit unserer Datenschutzerkl\u00e4rung die Beziehung zwischen KlatixMob und Ihnen regeln. Sollten Sie mit einem Teil dieser Bedingungen nicht einverstanden sein, nutzen Sie unsere Website bitte nicht. Die Nutzung dieser Website unterliegt\u2026 <a title=\"Nutzungsbedingungen\" class=\"read-more\" href=\"https:\/\/klatixmob.com\/de\/termos-de-uso\/\" aria-label=\"Weitere Informationen zu den Nutzungsbedingungen\">mehr lesen<\/a><\/p>","protected":false},"author":1,"featured_media":0,"parent":0,"menu_order":0,"comment_status":"closed","ping_status":"closed","template":"","meta":{"footnotes":""},"class_list":["post-31","page","type-page","status-publish"],"_links":{"self":[{"href":"https:\/\/klatixmob.com\/de\/wp-json\/wp\/v2\/pages\/31","targetHints":{"allow":["GET"]}}],"collection":[{"href":"https:\/\/klatixmob.com\/de\/wp-json\/wp\/v2\/pages"}],"about":[{"href":"https:\/\/klatixmob.com\/de\/wp-json\/wp\/v2\/types\/page"}],"author":[{"embeddable":true,"href":"https:\/\/klatixmob.com\/de\/wp-json\/wp\/v2\/users\/1"}],"replies":[{"embeddable":true,"href":"https:\/\/klatixmob.com\/de\/wp-json\/wp\/v2\/comments?post=31"}],"version-history":[{"count":1,"href":"https:\/\/klatixmob.com\/de\/wp-json\/wp\/v2\/pages\/31\/revisions"}],"predecessor-version":[{"id":32,"href":"https:\/\/klatixmob.com\/de\/wp-json\/wp\/v2\/pages\/31\/revisions\/32"}],"wp:attachment":[{"href":"https:\/\/klatixmob.com\/de\/wp-json\/wp\/v2\/media?parent=31"}],"curies":[{"name":"wp","href":"https:\/\/api.w.org\/{rel}","templated":true}]}}