{"id":3,"date":"2025-03-20T02:23:17","date_gmt":"2025-03-20T02:23:17","guid":{"rendered":"https:\/\/klatixmob.com\/?page_id=3"},"modified":"2025-03-20T05:20:02","modified_gmt":"2025-03-20T05:20:02","slug":"politica-de-privacidad","status":"publish","type":"page","link":"https:\/\/klatixmob.com\/es_mx\/politica-de-privacidade\/","title":{"rendered":"pol\u00edtica de privacidad"},"content":{"rendered":"<p>Bienvenido a\u00a0<strong>Klatix<\/strong>Mob. Esta pol\u00edtica de privacidad describe c\u00f3mo recopilamos, usamos y compartimos informaci\u00f3n sobre usted cuando accede o utiliza nuestro sitio web.<\/p>\n\n\n\n<ol class=\"wp-block-list\">\n<li>Informaci\u00f3n que recopilamos: Informaci\u00f3n personal: Recopilamos la informaci\u00f3n personal que usted proporciona voluntariamente, como su nombre, direcci\u00f3n de correo electr\u00f3nico y otra informaci\u00f3n de contacto, cuando se registra para recibir actualizaciones o comunicarse con nosotros. Datos de uso: Recopilamos autom\u00e1ticamente informaci\u00f3n sobre c\u00f3mo accede y utiliza el sitio web, incluyendo el tipo de dispositivo, el navegador web, las p\u00e1ginas visitadas, los clics, los patrones de uso y otra informaci\u00f3n de uso. Cookies y tecnolog\u00edas de seguimiento: Utilizamos cookies y tecnolog\u00edas de seguimiento para personalizar su experiencia y recopilar datos sobre su interacci\u00f3n con el sitio web y los anuncios mostrados.<\/li>\n\n\n\n<li>Uso de la informaci\u00f3n Utilizamos su informaci\u00f3n para:<\/li>\n<\/ol>\n\n\n\n<p>Para proporcionar, mantener y mejorar nuestro sitio web y nuestros servicios. Para comunicarnos con usted, responder a sus preguntas y solicitudes. Para mostrar anuncios personalizados y realizar an\u00e1lisis de datos.<\/p>\n\n\n\n<ol start=\"3\" class=\"wp-block-list\">\n<li>Compartir informaci\u00f3n Podemos compartir su informaci\u00f3n con terceros en las siguientes circunstancias:<\/li>\n<\/ol>\n\n\n\n<p>Proveedores de servicios: Compartimos informaci\u00f3n con proveedores que nos ayudan a operar el sitio web, como los de alojamiento web y an\u00e1lisis de datos. Google Ad Exchange: Seg\u00fan sea necesario para mostrar anuncios a trav\u00e9s de Google Ad Exchange. Cumplimiento legal: Cuando sea necesario para cumplir con la ley o responder a procesos legales.<\/p>\n\n\n\n<ol start=\"4\" class=\"wp-block-list\">\n<li>Google AdSense: De acuerdo con los t\u00e9rminos de Google AdSense, le informamos que Google, como proveedor externo, utiliza cookies para mostrar anuncios en nuestro sitio web. El uso de la cookie DART por parte de Google le permite mostrar anuncios a nuestros usuarios en funci\u00f3n de sus visitas a nuestro sitio web y a otros sitios web en Internet. Los usuarios pueden inhabilitar el uso de la cookie DART visitando la Pol\u00edtica de privacidad de la Red de contenido y anuncios de Google.<\/li>\n\n\n\n<li>Cambios en la Pol\u00edtica de Privacidad. Es posible que actualicemos nuestra Pol\u00edtica de Privacidad peri\u00f3dicamente. Le notificaremos cualquier cambio publicando la nueva Pol\u00edtica de Privacidad en esta p\u00e1gina.<\/li>\n\n\n\n<li>Cont\u00e1ctanos Si tienes alguna pregunta sobre esta Pol\u00edtica de Privacidad, por favor cont\u00e1ctanos.<\/li>\n<\/ol>","protected":false},"excerpt":{"rendered":"<p>Bem-vindo ao\u00a0KlatixMob. Esta pol\u00edtica de privacidade descreve como coletamos, usamos e compartilhamos informa\u00e7\u00f5es sobre voc\u00ea quando acessa ou usa nosso site. Fornecer, manter e melhorar nosso site e servi\u00e7os. Comunicar-nos com voc\u00ea, responder suas perguntas e solicita\u00e7\u00f5es. Exibir an\u00fancios personalizados e realizar an\u00e1lises de dados. Fornecedores de Servi\u00e7os: Compartilhamos informa\u00e7\u00f5es com fornecedores que nos ajudam &#8230; <a title=\"pol\u00edtica de privacidad\" class=\"read-more\" href=\"https:\/\/klatixmob.com\/es_mx\/politica-de-privacidade\/\" aria-label=\"Leer m\u00e1s sobre Pol\u00edticas de Privacidade\">leer m\u00e1s<\/a><\/p>","protected":false},"author":1,"featured_media":0,"parent":0,"menu_order":0,"comment_status":"closed","ping_status":"open","template":"","meta":{"footnotes":""},"class_list":["post-3","page","type-page","status-publish"],"_links":{"self":[{"href":"https:\/\/klatixmob.com\/es_mx\/wp-json\/wp\/v2\/pages\/3","targetHints":{"allow":["GET"]}}],"collection":[{"href":"https:\/\/klatixmob.com\/es_mx\/wp-json\/wp\/v2\/pages"}],"about":[{"href":"https:\/\/klatixmob.com\/es_mx\/wp-json\/wp\/v2\/types\/page"}],"author":[{"embeddable":true,"href":"https:\/\/klatixmob.com\/es_mx\/wp-json\/wp\/v2\/users\/1"}],"replies":[{"embeddable":true,"href":"https:\/\/klatixmob.com\/es_mx\/wp-json\/wp\/v2\/comments?post=3"}],"version-history":[{"count":1,"href":"https:\/\/klatixmob.com\/es_mx\/wp-json\/wp\/v2\/pages\/3\/revisions"}],"predecessor-version":[{"id":34,"href":"https:\/\/klatixmob.com\/es_mx\/wp-json\/wp\/v2\/pages\/3\/revisions\/34"}],"wp:attachment":[{"href":"https:\/\/klatixmob.com\/es_mx\/wp-json\/wp\/v2\/media?parent=3"}],"curies":[{"name":"wp","href":"https:\/\/api.w.org\/{rel}","templated":true}]}}