{"id":31,"date":"2025-03-20T04:13:48","date_gmt":"2025-03-20T04:13:48","guid":{"rendered":"https:\/\/klatixmob.com\/?page_id=31"},"modified":"2025-03-24T05:44:11","modified_gmt":"2025-03-24T05:44:11","slug":"conditions-dutilisation","status":"publish","type":"page","link":"https:\/\/klatixmob.com\/fr\/termos-de-uso\/","title":{"rendered":"Conditions d&#039;utilisation"},"content":{"rendered":"<p>Si vous continuez \u00e0 parcourir et \u00e0 utiliser ce site Web, vous acceptez de vous conformer et d&#039;\u00eatre li\u00e9 par les conditions g\u00e9n\u00e9rales d&#039;utilisation suivantes, qui, avec notre politique de confidentialit\u00e9, r\u00e9gissent la relation de KlatixMob avec vous.<\/p>\n\n\n\n<p>Si vous n\u2019\u00eates pas d\u2019accord avec une partie quelconque de ces termes et conditions, veuillez ne pas utiliser notre site Web.<\/p>\n\n\n\n<p>L&#039;utilisation de ce site Web est soumise aux conditions d&#039;utilisation suivantes :<\/p>\n\n\n\n<p>Le contenu des pages de ce site Web est destin\u00e9 uniquement \u00e0 votre information g\u00e9n\u00e9rale et \u00e0 votre usage. Sous r\u00e9serve de modifications sans pr\u00e9avis. Ni nous ni aucun tiers ne fournissons aucune garantie quant \u00e0 l&#039;exactitude, l&#039;actualit\u00e9, la performance, l&#039;exhaustivit\u00e9 ou la pertinence des informations et des documents trouv\u00e9s ou propos\u00e9s sur ce site Web \u00e0 des fins particuli\u00e8res. Votre utilisation de toute information ou mat\u00e9riel sur ce site Web est enti\u00e8rement \u00e0 vos propres risques, dont nous ne serons pas responsables. De temps \u00e0 autre, ce site Web peut \u00e9galement inclure des liens vers d\u2019autres sites Web. Ces liens sont fournis pour votre commodit\u00e9 afin de vous fournir des informations compl\u00e9mentaires. Nous ne sommes pas responsables du contenu des sites Web li\u00e9s.<\/p>","protected":false},"excerpt":{"rendered":"<p>Se voc\u00ea continuar navegando e usando este site, concorda em cumprir e ficar vinculado aos seguintes termos e condi\u00e7\u00f5es de uso, que, juntamente com nossa pol\u00edtica de privacidade, regem o relacionamento do KlatixMob com voc\u00ea. Se voc\u00ea discordar de qualquer parte destes termos e condi\u00e7\u00f5es, n\u00e3o use nosso site. O uso deste site est\u00e1 sujeito &#8230; <a title=\"Conditions d&#039;utilisation\" class=\"read-more\" href=\"https:\/\/klatixmob.com\/fr\/termos-de-uso\/\" aria-label=\"En savoir plus sur Termos de Uso\">En savoir plus<\/a><\/p>","protected":false},"author":1,"featured_media":0,"parent":0,"menu_order":0,"comment_status":"closed","ping_status":"closed","template":"","meta":{"footnotes":""},"class_list":["post-31","page","type-page","status-publish"],"_links":{"self":[{"href":"https:\/\/klatixmob.com\/fr\/wp-json\/wp\/v2\/pages\/31","targetHints":{"allow":["GET"]}}],"collection":[{"href":"https:\/\/klatixmob.com\/fr\/wp-json\/wp\/v2\/pages"}],"about":[{"href":"https:\/\/klatixmob.com\/fr\/wp-json\/wp\/v2\/types\/page"}],"author":[{"embeddable":true,"href":"https:\/\/klatixmob.com\/fr\/wp-json\/wp\/v2\/users\/1"}],"replies":[{"embeddable":true,"href":"https:\/\/klatixmob.com\/fr\/wp-json\/wp\/v2\/comments?post=31"}],"version-history":[{"count":1,"href":"https:\/\/klatixmob.com\/fr\/wp-json\/wp\/v2\/pages\/31\/revisions"}],"predecessor-version":[{"id":32,"href":"https:\/\/klatixmob.com\/fr\/wp-json\/wp\/v2\/pages\/31\/revisions\/32"}],"wp:attachment":[{"href":"https:\/\/klatixmob.com\/fr\/wp-json\/wp\/v2\/media?parent=31"}],"curies":[{"name":"wp","href":"https:\/\/api.w.org\/{rel}","templated":true}]}}