{"id":3,"date":"2025-03-20T02:23:17","date_gmt":"2025-03-20T02:23:17","guid":{"rendered":"https:\/\/klatixmob.com\/?page_id=3"},"modified":"2025-03-20T05:20:02","modified_gmt":"2025-03-20T05:20:02","slug":"%d7%9e%d7%93%d7%99%d7%a0%d7%99%d7%95%d7%aa-%d7%a4%d7%a8%d7%98%d7%99%d7%95%d7%aa","status":"publish","type":"page","link":"https:\/\/klatixmob.com\/he\/politica-de-privacidade\/","title":{"rendered":"\u05de\u05d3\u05d9\u05e0\u05d9\u05d5\u05ea \u05e4\u05e8\u05d8\u05d9\u05d5\u05ea"},"content":{"rendered":"<p>\u05d1\u05e8\u05d5\u05db\u05d9\u05dd \u05d4\u05d1\u05d0\u05d9\u05dd \u05dc\u00a0<strong>\u05e7\u05dc\u05d8\u05d9\u05e7\u05e1<\/strong>\u05d4\u05b8\u05de\u05d5\u05b9\u05df. \u05de\u05d3\u05d9\u05e0\u05d9\u05d5\u05ea \u05e4\u05e8\u05d8\u05d9\u05d5\u05ea \u05d6\u05d5 \u05de\u05ea\u05d0\u05e8\u05ea \u05db\u05d9\u05e6\u05d3 \u05d0\u05e0\u05d5 \u05d0\u05d5\u05e1\u05e4\u05d9\u05dd, \u05de\u05e9\u05ea\u05de\u05e9\u05d9\u05dd \u05d5\u05de\u05e9\u05ea\u05e4\u05d9\u05dd \u05de\u05d9\u05d3\u05e2 \u05d0\u05d5\u05d3\u05d5\u05ea\u05d9\u05da \u05db\u05d0\u05e9\u05e8 \u05d0\u05ea\u05d4 \u05e0\u05d9\u05d2\u05e9 \u05d0\u05d5 \u05de\u05e9\u05ea\u05de\u05e9 \u05d1\u05d0\u05ea\u05e8 \u05e9\u05dc\u05e0\u05d5.<\/p>\n\n\n\n<ol class=\"wp-block-list\">\n<li>\u05de\u05d9\u05d3\u05e2 \u05e9\u05d0\u05e0\u05d5 \u05d0\u05d5\u05e1\u05e4\u05d9\u05dd \u05de\u05d9\u05d3\u05e2 \u05d0\u05d9\u05e9\u05d9: \u05d0\u05e0\u05d5 \u05d0\u05d5\u05e1\u05e4\u05d9\u05dd \u05de\u05d9\u05d3\u05e2 \u05d0\u05d9\u05e9\u05d9 \u05e9\u05d0\u05ea\u05d4 \u05de\u05e1\u05e4\u05e7 \u05de\u05e8\u05e6\u05d5\u05e0\u05da, \u05db\u05d2\u05d5\u05df \u05e9\u05de\u05da, \u05db\u05ea\u05d5\u05d1\u05ea \u05d4\u05d3\u05d5\u05d0\u05e8 \u05d4\u05d0\u05dc\u05e7\u05d8\u05e8\u05d5\u05e0\u05d9 \u05e9\u05dc\u05da \u05d5\u05e4\u05e8\u05d8\u05d9 \u05d0\u05d9\u05e9 \u05e7\u05e9\u05e8 \u05d0\u05d7\u05e8\u05d9\u05dd \u05db\u05d0\u05e9\u05e8 \u05d0\u05ea\u05d4 \u05e0\u05e8\u05e9\u05dd \u05dc\u05e7\u05d1\u05dc\u05ea \u05e2\u05d3\u05db\u05d5\u05e0\u05d9\u05dd \u05d0\u05d5 \u05de\u05ea\u05e7\u05e9\u05e8 \u05d0\u05d9\u05ea\u05e0\u05d5 \u05d1\u05d3\u05e8\u05da \u05d0\u05d7\u05e8\u05ea. \u05e0\u05ea\u05d5\u05e0\u05d9 \u05e9\u05d9\u05de\u05d5\u05e9: \u05d0\u05e0\u05d5 \u05d0\u05d5\u05e1\u05e4\u05d9\u05dd \u05d1\u05d0\u05d5\u05e4\u05df \u05d0\u05d5\u05d8\u05d5\u05de\u05d8\u05d9 \u05de\u05d9\u05d3\u05e2 \u05e2\u05dc \u05d4\u05d0\u05d5\u05e4\u05df \u05e9\u05d1\u05d5 \u05d0\u05ea\u05d4 \u05e0\u05d9\u05d2\u05e9 \u05dc\u05d0\u05ea\u05e8 \u05d5\u05de\u05e9\u05ea\u05de\u05e9 \u05d1\u05d5, \u05dc\u05e8\u05d1\u05d5\u05ea \u05e1\u05d5\u05d2 \u05d4\u05de\u05db\u05e9\u05d9\u05e8 \u05e9\u05dc\u05da, \u05d3\u05e4\u05d3\u05e4\u05df \u05d0\u05d9\u05e0\u05d8\u05e8\u05e0\u05d8, \u05d3\u05e4\u05d9\u05dd \u05e9\u05d1\u05d4\u05dd \u05d1\u05d9\u05e7\u05e8\u05ea, \u05e7\u05dc\u05d9\u05e7\u05d9\u05dd, \u05d3\u05e4\u05d5\u05e1\u05d9 \u05e9\u05d9\u05de\u05d5\u05e9 \u05d5\u05de\u05d9\u05d3\u05e2 \u05e9\u05d9\u05de\u05d5\u05e9 \u05d0\u05d7\u05e8. \u05e2\u05d5\u05d2\u05d9\u05d5\u05ea \u05d5\u05d8\u05db\u05e0\u05d5\u05dc\u05d5\u05d2\u05d9\u05d5\u05ea \u05de\u05e2\u05e7\u05d1: \u05d0\u05e0\u05d5 \u05de\u05e9\u05ea\u05de\u05e9\u05d9\u05dd \u05d1\u05e2\u05d5\u05d2\u05d9\u05d5\u05ea \u05d5\u05d1\u05d8\u05db\u05e0\u05d5\u05dc\u05d5\u05d2\u05d9\u05d5\u05ea \u05de\u05e2\u05e7\u05d1 \u05db\u05d3\u05d9 \u05dc\u05d4\u05ea\u05d0\u05d9\u05dd \u05d0\u05d9\u05e9\u05d9\u05ea \u05d0\u05ea \u05d4\u05d7\u05d5\u05d5\u05d9\u05d4 \u05e9\u05dc\u05da \u05d5\u05dc\u05d0\u05e1\u05d5\u05e3 \u05e0\u05ea\u05d5\u05e0\u05d9\u05dd \u05e2\u05dc \u05d4\u05d0\u05d9\u05e0\u05d8\u05e8\u05d0\u05e7\u05e6\u05d9\u05d4 \u05e9\u05dc\u05da \u05e2\u05dd \u05d4\u05d0\u05ea\u05e8 \u05d5\u05d4\u05e4\u05e8\u05e1\u05d5\u05de\u05d5\u05ea \u05d4\u05de\u05d5\u05e6\u05d2\u05d5\u05ea.<\/li>\n\n\n\n<li>\u05e9\u05d9\u05de\u05d5\u05e9 \u05d1\u05de\u05d9\u05d3\u05e2 \u05d0\u05e0\u05d5 \u05de\u05e9\u05ea\u05de\u05e9\u05d9\u05dd \u05d1\u05de\u05d9\u05d3\u05e2 \u05e9\u05dc\u05da \u05db\u05d3\u05d9:<\/li>\n<\/ol>\n\n\n\n<p>\u05dc\u05e1\u05e4\u05e7, \u05dc\u05ea\u05d7\u05d6\u05e7 \u05d5\u05dc\u05e9\u05e4\u05e8 \u05d0\u05ea \u05d4\u05d0\u05ea\u05e8 \u05d5\u05d4\u05e9\u05d9\u05e8\u05d5\u05ea\u05d9\u05dd \u05e9\u05dc\u05e0\u05d5. \u05dc\u05ea\u05e7\u05e9\u05e8 \u05d0\u05d9\u05ea\u05da, \u05dc\u05d4\u05d2\u05d9\u05d1 \u05dc\u05e9\u05d0\u05dc\u05d5\u05ea \u05d5\u05d1\u05e7\u05e9\u05d5\u05ea \u05e9\u05dc\u05da. \u05d4\u05e6\u05d2 \u05de\u05d5\u05d3\u05e2\u05d5\u05ea \u05de\u05d5\u05ea\u05d0\u05de\u05d5\u05ea \u05d0\u05d9\u05e9\u05d9\u05ea \u05d5\u05d1\u05e6\u05e2 \u05e0\u05d9\u05ea\u05d5\u05d7 \u05e0\u05ea\u05d5\u05e0\u05d9\u05dd.<\/p>\n\n\n\n<ol start=\"3\" class=\"wp-block-list\">\n<li>\u05e9\u05d9\u05ea\u05d5\u05e3 \u05de\u05d9\u05d3\u05e2 \u05d0\u05e0\u05d5 \u05e2\u05e9\u05d5\u05d9\u05d9\u05dd \u05dc\u05d7\u05dc\u05d5\u05e7 \u05d0\u05ea \u05d4\u05de\u05d9\u05d3\u05e2 \u05e9\u05dc\u05da \u05e2\u05dd \u05e6\u05d3\u05d3\u05d9\u05dd \u05e9\u05dc\u05d9\u05e9\u05d9\u05d9\u05dd \u05d1\u05e0\u05e1\u05d9\u05d1\u05d5\u05ea \u05d4\u05d1\u05d0\u05d5\u05ea:<\/li>\n<\/ol>\n\n\n\n<p>\u05e1\u05e4\u05e7\u05d9 \u05e9\u05d9\u05e8\u05d5\u05ea: \u05d0\u05e0\u05d5 \u05d7\u05d5\u05dc\u05e7\u05d9\u05dd \u05de\u05d9\u05d3\u05e2 \u05e2\u05dd \u05e1\u05e4\u05e7\u05d9\u05dd \u05e9\u05e2\u05d5\u05d6\u05e8\u05d9\u05dd \u05dc\u05e0\u05d5 \u05dc\u05ea\u05e4\u05e2\u05dc \u05d0\u05ea \u05d4\u05d0\u05ea\u05e8, \u05db\u05d2\u05d5\u05df \u05d0\u05d7\u05e1\u05d5\u05df \u05d0\u05ea\u05e8\u05d9\u05dd \u05d5\u05e0\u05d9\u05ea\u05d5\u05d7 \u05e0\u05ea\u05d5\u05e0\u05d9\u05dd. Google Ad Exchange: \u05dc\u05e4\u05d9 \u05d4\u05e6\u05d5\u05e8\u05da \u05db\u05d3\u05d9 \u05dc\u05d4\u05e6\u05d9\u05d2 \u05de\u05d5\u05d3\u05e2\u05d5\u05ea \u05d3\u05e8\u05da Google Ad Exchange. \u05e6\u05d9\u05d5\u05ea \u05dc\u05d7\u05d5\u05e7: \u05d1\u05e2\u05ea \u05d4\u05e6\u05d5\u05e8\u05da \u05dc\u05e6\u05d9\u05d9\u05ea \u05dc\u05d7\u05d5\u05e7 \u05d0\u05d5 \u05dc\u05d4\u05d2\u05d9\u05d1 \u05dc\u05d4\u05dc\u05d9\u05da \u05de\u05e9\u05e4\u05d8\u05d9.<\/p>\n\n\n\n<ol start=\"4\" class=\"wp-block-list\">\n<li>Google AdSense \u05d1\u05d4\u05ea\u05d0\u05dd \u05dc\u05ea\u05e0\u05d0\u05d9 Google AdSense, \u05d0\u05e0\u05d5 \u05de\u05d5\u05d3\u05d9\u05e2\u05d9\u05dd \u05dc\u05da \u05e9\u05d2\u05d5\u05d2\u05dc, \u05db\u05d9\u05e6\u05e8\u05e0\u05d9\u05ea \u05e6\u05d3 \u05e9\u05dc\u05d9\u05e9\u05d9, \u05de\u05e9\u05ea\u05de\u05e9\u05ea \u05d1\u05e7\u05d5\u05d1\u05e6\u05d9 Cookie \u05db\u05d3\u05d9 \u05dc\u05d4\u05e6\u05d9\u05d2 \u05de\u05d5\u05d3\u05e2\u05d5\u05ea \u05d1\u05d0\u05ea\u05e8 \u05d4\u05d0\u05d9\u05e0\u05d8\u05e8\u05e0\u05d8 \u05e9\u05dc\u05e0\u05d5. \u05d4\u05e9\u05d9\u05de\u05d5\u05e9 \u05e9\u05dc \u05d2\u05d5\u05d2\u05dc \u05d1\u05e7\u05d5\u05d1\u05e5 cookie \u05e9\u05dc DART \u05de\u05d0\u05e4\u05e9\u05e8 \u05dc\u05d4 \u05dc\u05d4\u05e6\u05d9\u05d2 \u05de\u05d5\u05d3\u05e2\u05d5\u05ea \u05dc\u05de\u05e9\u05ea\u05de\u05e9\u05d9\u05dd \u05e9\u05dc\u05e0\u05d5 \u05e2\u05dc \u05e1\u05de\u05da \u05d1\u05d9\u05e7\u05d5\u05e8\u05d9\u05dd \u05e7\u05d5\u05d3\u05de\u05d9\u05dd \u05e9\u05dc\u05d4\u05dd \u05d1\u05d0\u05ea\u05e8 \u05e9\u05dc\u05e0\u05d5 \u05d5\u05d1\u05d0\u05ea\u05e8\u05d9\u05dd \u05d0\u05d7\u05e8\u05d9\u05dd \u05d1\u05d0\u05d9\u05e0\u05d8\u05e8\u05e0\u05d8. \u05de\u05e9\u05ea\u05de\u05e9\u05d9\u05dd \u05d9\u05db\u05d5\u05dc\u05d9\u05dd \u05dc\u05d1\u05d8\u05dc \u05d0\u05ea \u05d4\u05e1\u05db\u05de\u05ea\u05dd \u05dc\u05e9\u05d9\u05de\u05d5\u05e9 \u05d1\u05e7\u05d5\u05d1\u05e5 cookie \u05e9\u05dc DART \u05e2\u05dc \u05d9\u05d3\u05d9 \u05d1\u05d9\u05e7\u05d5\u05e8 \u05d1\u05de\u05d3\u05d9\u05e0\u05d9\u05d5\u05ea \u05d4\u05e4\u05e8\u05d8\u05d9\u05d5\u05ea \u05e9\u05dc \u05e8\u05e9\u05ea \u05d4\u05ea\u05d5\u05db\u05df \u05d5\u05d4\u05de\u05d5\u05d3\u05e2\u05d5\u05ea \u05e9\u05dc Google.<\/li>\n\n\n\n<li>\u05e9\u05d9\u05e0\u05d5\u05d9\u05d9\u05dd \u05d1\u05de\u05d3\u05d9\u05e0\u05d9\u05d5\u05ea \u05d4\u05e4\u05e8\u05d8\u05d9\u05d5\u05ea \u05d0\u05e0\u05d5 \u05e2\u05e9\u05d5\u05d9\u05d9\u05dd \u05dc\u05e2\u05d3\u05db\u05df \u05d0\u05ea \u05de\u05d3\u05d9\u05e0\u05d9\u05d5\u05ea \u05d4\u05e4\u05e8\u05d8\u05d9\u05d5\u05ea \u05e9\u05dc\u05e0\u05d5 \u05de\u05e2\u05ea \u05dc\u05e2\u05ea. \u05d0\u05e0\u05d5 \u05e0\u05d5\u05d3\u05d9\u05e2 \u05dc\u05da \u05e2\u05dc \u05db\u05dc \u05e9\u05d9\u05e0\u05d5\u05d9 \u05e2\u05dc \u05d9\u05d3\u05d9 \u05e4\u05e8\u05e1\u05d5\u05dd \u05de\u05d3\u05d9\u05e0\u05d9\u05d5\u05ea \u05d4\u05e4\u05e8\u05d8\u05d9\u05d5\u05ea \u05d4\u05d7\u05d3\u05e9\u05d4 \u05d1\u05d3\u05e3 \u05d6\u05d4.<\/li>\n\n\n\n<li>\u05e6\u05d5\u05e8 \u05e7\u05e9\u05e8 \u05d0\u05dd \u05d9\u05e9 \u05dc\u05da \u05e9\u05d0\u05dc\u05d5\u05ea \u05dc\u05d2\u05d1\u05d9 \u05de\u05d3\u05d9\u05e0\u05d9\u05d5\u05ea \u05e4\u05e8\u05d8\u05d9\u05d5\u05ea \u05d6\u05d5, \u05d0\u05e0\u05d0 \u05e6\u05d5\u05e8 \u05d0\u05d9\u05ea\u05e0\u05d5 \u05e7\u05e9\u05e8.<\/li>\n<\/ol>","protected":false},"excerpt":{"rendered":"<p>Bem-vindo ao\u00a0KlatixMob. Esta pol\u00edtica de privacidade descreve como coletamos, usamos e compartilhamos informa\u00e7\u00f5es sobre voc\u00ea quando acessa ou usa nosso site. Fornecer, manter e melhorar nosso site e servi\u00e7os. Comunicar-nos com voc\u00ea, responder suas perguntas e solicita\u00e7\u00f5es. Exibir an\u00fancios personalizados e realizar an\u00e1lises de dados. Fornecedores de Servi\u00e7os: Compartilhamos informa\u00e7\u00f5es com fornecedores que nos ajudam &#8230; <a title=\"\u05de\u05d3\u05d9\u05e0\u05d9\u05d5\u05ea \u05e4\u05e8\u05d8\u05d9\u05d5\u05ea\" class=\"read-more\" href=\"https:\/\/klatixmob.com\/he\/politica-de-privacidade\/\" aria-label=\"Read more about Pol\u00edticas de Privacidade\">\u05e7\u05e8\u05d0 \u05e2\u05d5\u05d3<\/a><\/p>","protected":false},"author":1,"featured_media":0,"parent":0,"menu_order":0,"comment_status":"closed","ping_status":"open","template":"","meta":{"footnotes":""},"class_list":["post-3","page","type-page","status-publish"],"_links":{"self":[{"href":"https:\/\/klatixmob.com\/he\/wp-json\/wp\/v2\/pages\/3","targetHints":{"allow":["GET"]}}],"collection":[{"href":"https:\/\/klatixmob.com\/he\/wp-json\/wp\/v2\/pages"}],"about":[{"href":"https:\/\/klatixmob.com\/he\/wp-json\/wp\/v2\/types\/page"}],"author":[{"embeddable":true,"href":"https:\/\/klatixmob.com\/he\/wp-json\/wp\/v2\/users\/1"}],"replies":[{"embeddable":true,"href":"https:\/\/klatixmob.com\/he\/wp-json\/wp\/v2\/comments?post=3"}],"version-history":[{"count":1,"href":"https:\/\/klatixmob.com\/he\/wp-json\/wp\/v2\/pages\/3\/revisions"}],"predecessor-version":[{"id":34,"href":"https:\/\/klatixmob.com\/he\/wp-json\/wp\/v2\/pages\/3\/revisions\/34"}],"wp:attachment":[{"href":"https:\/\/klatixmob.com\/he\/wp-json\/wp\/v2\/media?parent=3"}],"curies":[{"name":"wp","href":"https:\/\/api.w.org\/{rel}","templated":true}]}}