{"id":31,"date":"2025-03-20T04:13:48","date_gmt":"2025-03-20T04:13:48","guid":{"rendered":"https:\/\/klatixmob.com\/?page_id=31"},"modified":"2025-03-24T05:44:11","modified_gmt":"2025-03-24T05:44:11","slug":"felhasznalasi-feltetelek","status":"publish","type":"page","link":"https:\/\/klatixmob.com\/hu\/termos-de-uso\/","title":{"rendered":"Felhaszn\u00e1l\u00e1si felt\u00e9telek"},"content":{"rendered":"<p>Ha tov\u00e1bbra is b\u00f6ng\u00e9szi \u00e9s haszn\u00e1lja ezt a weboldalt, beleegyezik abba, hogy betartja \u00e9s mag\u00e1ra n\u00e9zve k\u00f6telez\u0151nek tekinti az al\u00e1bbi haszn\u00e1lati felt\u00e9teleket, amelyek az adatv\u00e9delmi szab\u00e1lyzatunkkal egy\u00fctt szab\u00e1lyozz\u00e1k a KlatixMob \u00d6nnel val\u00f3 kapcsolat\u00e1t.<\/p>\n\n\n\n<p>Ha nem \u00e9rt egyet a jelen felt\u00e9telek b\u00e1rmely r\u00e9sz\u00e9vel, k\u00e9rj\u00fck, ne haszn\u00e1lja weboldalunkat.<\/p>\n\n\n\n<p>A weboldal haszn\u00e1lat\u00e1ra az al\u00e1bbi haszn\u00e1lati felt\u00e9telek vonatkoznak:<\/p>\n\n\n\n<p>A weboldal oldalainak tartalma csak az \u00d6n \u00e1ltal\u00e1nos t\u00e1j\u00e9koztat\u00e1s\u00e1t \u00e9s felhaszn\u00e1l\u00e1s\u00e1t szolg\u00e1lja. A v\u00e1ltoztat\u00e1s joga fenntartva. Sem mi, sem harmadik felek nem v\u00e1llalnak garanci\u00e1t vagy garanci\u00e1t az ezen a weboldalon tal\u00e1lhat\u00f3 inform\u00e1ci\u00f3k \u00e9s anyagok pontoss\u00e1g\u00e1ra, id\u0151szer\u0171s\u00e9g\u00e9re, teljes\u00edtm\u00e9ny\u00e9re, teljess\u00e9g\u00e9re vagy alkalmass\u00e1g\u00e1ra vonatkoz\u00f3an. Az ezen a weboldalon tal\u00e1lhat\u00f3 inform\u00e1ci\u00f3k vagy anyagok felhaszn\u00e1l\u00e1sa teljes m\u00e9rt\u00e9kben a saj\u00e1t kock\u00e1zat\u00e1ra t\u00f6rt\u00e9nik, amely\u00e9rt nem v\u00e1llalunk felel\u0151ss\u00e9get. Ez a weboldal id\u0151r\u0151l id\u0151re m\u00e1s webhelyekre mutat\u00f3 hivatkoz\u00e1sokat is tartalmazhat. Ezek a hivatkoz\u00e1sok az \u00d6n k\u00e9nyelm\u00e9t szolg\u00e1lj\u00e1k tov\u00e1bbi inform\u00e1ci\u00f3kkal kapcsolatban. Nem v\u00e1llalunk felel\u0151ss\u00e9get a hivatkozott weboldal(ok) tartalm\u00e1\u00e9rt.<\/p>","protected":false},"excerpt":{"rendered":"<p>A weboldal tov\u00e1bbi b\u00f6ng\u00e9sz\u00e9s\u00e9vel \u00e9s haszn\u00e1lat\u00e1val \u00d6n elfogadja \u00e9s mag\u00e1ra n\u00e9zve k\u00f6telez\u0151nek ismeri el a k\u00f6vetkez\u0151 felhaszn\u00e1l\u00e1si felt\u00e9teleket, amelyek adatv\u00e9delmi ir\u00e1nyelveinkkel egy\u00fctt szab\u00e1lyozz\u00e1k a KlatixMob \u00e9s \u00d6n k\u00f6z\u00f6tti kapcsolatot. Ha nem \u00e9rt egyet a felt\u00e9telek b\u00e1rmely r\u00e9sz\u00e9vel, ne haszn\u00e1lja weboldalunkat. A weboldal haszn\u00e1lata\u2026 <a title=\"Felhaszn\u00e1l\u00e1si felt\u00e9telek\" class=\"read-more\" href=\"https:\/\/klatixmob.com\/hu\/termos-de-uso\/\" aria-label=\"Tov\u00e1bbi inform\u00e1ci\u00f3 a Felhaszn\u00e1l\u00e1si felt\u00e9telekr\u0151l\">b\u0151vebben<\/a><\/p>","protected":false},"author":1,"featured_media":0,"parent":0,"menu_order":0,"comment_status":"closed","ping_status":"closed","template":"","meta":{"footnotes":""},"class_list":["post-31","page","type-page","status-publish"],"_links":{"self":[{"href":"https:\/\/klatixmob.com\/hu\/wp-json\/wp\/v2\/pages\/31","targetHints":{"allow":["GET"]}}],"collection":[{"href":"https:\/\/klatixmob.com\/hu\/wp-json\/wp\/v2\/pages"}],"about":[{"href":"https:\/\/klatixmob.com\/hu\/wp-json\/wp\/v2\/types\/page"}],"author":[{"embeddable":true,"href":"https:\/\/klatixmob.com\/hu\/wp-json\/wp\/v2\/users\/1"}],"replies":[{"embeddable":true,"href":"https:\/\/klatixmob.com\/hu\/wp-json\/wp\/v2\/comments?post=31"}],"version-history":[{"count":1,"href":"https:\/\/klatixmob.com\/hu\/wp-json\/wp\/v2\/pages\/31\/revisions"}],"predecessor-version":[{"id":32,"href":"https:\/\/klatixmob.com\/hu\/wp-json\/wp\/v2\/pages\/31\/revisions\/32"}],"wp:attachment":[{"href":"https:\/\/klatixmob.com\/hu\/wp-json\/wp\/v2\/media?parent=31"}],"curies":[{"name":"munkaf\u00fczet","href":"https:\/\/api.w.org\/{rel}","templated":true}]}}