{"id":3,"date":"2025-03-20T02:23:17","date_gmt":"2025-03-20T02:23:17","guid":{"rendered":"https:\/\/klatixmob.com\/?page_id=3"},"modified":"2025-03-20T05:20:02","modified_gmt":"2025-03-20T05:20:02","slug":"politica-sulla-riservatezza","status":"publish","type":"page","link":"https:\/\/klatixmob.com\/it\/politica-de-privacidade\/","title":{"rendered":"Informativa sulla privacy"},"content":{"rendered":"<p>Benvenuti a\u00a0<strong>Klatix<\/strong>Assalire. La presente informativa sulla privacy descrive come raccogliamo, utilizziamo e condividiamo le informazioni che ti riguardano quando accedi o utilizzi il nostro sito web.<\/p>\n\n\n\n<ol class=\"wp-block-list\">\n<li>Informazioni che raccogliamo Informazioni personali: raccogliamo informazioni personali che fornisci volontariamente, come il tuo nome, indirizzo email e altre informazioni di contatto quando ti iscrivi per ricevere aggiornamenti o comunichi con noi in altro modo. Dati di utilizzo: raccogliamo automaticamente informazioni su come accedi e utilizzi il Sito, tra cui il tipo di dispositivo, il browser web, le pagine visitate, i clic, i modelli di utilizzo e altre informazioni sull&#039;utilizzo. Cookie e tecnologie di tracciamento: utilizziamo cookie e tecnologie di tracciamento per personalizzare la tua esperienza e raccogliere dati sulla tua interazione con il sito web e con gli annunci pubblicitari visualizzati.<\/li>\n\n\n\n<li>Utilizzo delle informazioni Utilizziamo le tue informazioni per:<\/li>\n<\/ol>\n\n\n\n<p>Fornire, mantenere e migliorare il nostro sito web e i nostri servizi. Comunicare con te, rispondere alle tue domande e richieste. Visualizza annunci personalizzati ed esegui analisi dei dati.<\/p>\n\n\n\n<ol start=\"3\" class=\"wp-block-list\">\n<li>Condivisione delle informazioni Potremmo condividere le tue informazioni con terze parti nelle seguenti circostanze:<\/li>\n<\/ol>\n\n\n\n<p>Fornitori di servizi: condividiamo le informazioni con i fornitori che ci aiutano a gestire il Sito, come ad esempio l&#039;hosting web e l&#039;analisi dei dati. Google Ad Exchange: se necessario, per visualizzare gli annunci tramite Google Ad Exchange. Conformit\u00e0 legale: quando necessario per rispettare la legge o rispondere a un procedimento legale.<\/p>\n\n\n\n<ol start=\"4\" class=\"wp-block-list\">\n<li>Google AdSense In conformit\u00e0 con i termini di Google AdSense, ti informiamo che Google, in qualit\u00e0 di fornitore terzo, utilizza i cookie per pubblicare annunci sul nostro sito web. L&#039;utilizzo del cookie DART consente a Google di mostrare annunci pubblicitari ai nostri utenti in base alle loro precedenti visite al nostro sito e ad altri siti Internet. Gli utenti possono scegliere di non utilizzare il cookie DART consultando la pagina sulla privacy di Google Ad e Content Network.<\/li>\n\n\n\n<li>Modifiche all&#039;Informativa sulla privacy Potremmo aggiornare periodicamente la nostra Informativa sulla privacy. Ti informeremo di eventuali modifiche pubblicando la nuova Informativa sulla privacy in questa pagina.<\/li>\n\n\n\n<li>Contatti Se hai domande sulla presente Informativa sulla privacy, contattaci.<\/li>\n<\/ol>","protected":false},"excerpt":{"rendered":"<p>Bem-vindo ao\u00a0KlatixMob. Esta pol\u00edtica de privacidade descreve como coletamos, usamos e compartilhamos informa\u00e7\u00f5es sobre voc\u00ea quando acessa ou usa nosso site. Fornecer, manter e melhorar nosso site e servi\u00e7os. Comunicar-nos com voc\u00ea, responder suas perguntas e solicita\u00e7\u00f5es. Exibir an\u00fancios personalizados e realizar an\u00e1lises de dados. Fornecedores de Servi\u00e7os: Compartilhamos informa\u00e7\u00f5es com fornecedores que nos ajudam &#8230; <a title=\"Informativa sulla privacy\" class=\"read-more\" href=\"https:\/\/klatixmob.com\/it\/politica-de-privacidade\/\" aria-label=\"Per saperne di pi\u00f9 su Pol\u00edticas de Privacidade\">Per saperne di pi\u00f9<\/a><\/p>","protected":false},"author":1,"featured_media":0,"parent":0,"menu_order":0,"comment_status":"closed","ping_status":"open","template":"","meta":{"footnotes":""},"class_list":["post-3","page","type-page","status-publish"],"_links":{"self":[{"href":"https:\/\/klatixmob.com\/it\/wp-json\/wp\/v2\/pages\/3","targetHints":{"allow":["GET"]}}],"collection":[{"href":"https:\/\/klatixmob.com\/it\/wp-json\/wp\/v2\/pages"}],"about":[{"href":"https:\/\/klatixmob.com\/it\/wp-json\/wp\/v2\/types\/page"}],"author":[{"embeddable":true,"href":"https:\/\/klatixmob.com\/it\/wp-json\/wp\/v2\/users\/1"}],"replies":[{"embeddable":true,"href":"https:\/\/klatixmob.com\/it\/wp-json\/wp\/v2\/comments?post=3"}],"version-history":[{"count":1,"href":"https:\/\/klatixmob.com\/it\/wp-json\/wp\/v2\/pages\/3\/revisions"}],"predecessor-version":[{"id":34,"href":"https:\/\/klatixmob.com\/it\/wp-json\/wp\/v2\/pages\/3\/revisions\/34"}],"wp:attachment":[{"href":"https:\/\/klatixmob.com\/it\/wp-json\/wp\/v2\/media?parent=3"}],"curies":[{"name":"parola chiave","href":"https:\/\/api.w.org\/{rel}","templated":true}]}}