{"id":31,"date":"2025-03-20T04:13:48","date_gmt":"2025-03-20T04:13:48","guid":{"rendered":"https:\/\/klatixmob.com\/?page_id=31"},"modified":"2025-03-24T05:44:11","modified_gmt":"2025-03-24T05:44:11","slug":"termini-di-utilizzo","status":"publish","type":"page","link":"https:\/\/klatixmob.com\/it\/termos-de-uso\/","title":{"rendered":"Termini di utilizzo"},"content":{"rendered":"<p>Se continui a navigare e utilizzare questo sito web, accetti di rispettare e di essere vincolato dai seguenti termini e condizioni d&#039;uso, che insieme alla nostra politica sulla privacy regolano il rapporto tra KlatixMob e te.<\/p>\n\n\n\n<p>Se non sei d&#039;accordo con una qualsiasi parte di questi termini e condizioni, ti preghiamo di non utilizzare il nostro sito web.<\/p>\n\n\n\n<p>L&#039;utilizzo di questo sito web \u00e8 soggetto ai seguenti termini di utilizzo:<\/p>\n\n\n\n<p>Il contenuto delle pagine di questo sito web \u00e8 destinato esclusivamente all&#039;informazione e all&#039;uso generale. Soggetto a modifiche senza preavviso. N\u00e9 noi n\u00e9 terze parti forniamo alcuna garanzia circa l&#039;accuratezza, la tempestivit\u00e0, l&#039;efficacia, la completezza o l&#039;idoneit\u00e0 delle informazioni e dei materiali trovati o offerti su questo sito web per qualsiasi scopo particolare. L&#039;utilizzo di qualsiasi informazione o materiale presente su questo sito web avviene interamente a vostro rischio e pericolo, per il quale non saremo responsabili. Di tanto in tanto, questo sito web potrebbe contenere anche link ad altri siti web. Questi link sono forniti per vostra comodit\u00e0, per fornirvi ulteriori informazioni. Non siamo responsabili del contenuto dei siti web collegati.<\/p>","protected":false},"excerpt":{"rendered":"<p>Se voc\u00ea continuar navegando e usando este site, concorda em cumprir e ficar vinculado aos seguintes termos e condi\u00e7\u00f5es de uso, que, juntamente com nossa pol\u00edtica de privacidade, regem o relacionamento do KlatixMob com voc\u00ea. Se voc\u00ea discordar de qualquer parte destes termos e condi\u00e7\u00f5es, n\u00e3o use nosso site. O uso deste site est\u00e1 sujeito &#8230; <a title=\"Termini di utilizzo\" class=\"read-more\" href=\"https:\/\/klatixmob.com\/it\/termos-de-uso\/\" aria-label=\"Per saperne di pi\u00f9 su Termos de Uso\">Per saperne di pi\u00f9<\/a><\/p>","protected":false},"author":1,"featured_media":0,"parent":0,"menu_order":0,"comment_status":"closed","ping_status":"closed","template":"","meta":{"footnotes":""},"class_list":["post-31","page","type-page","status-publish"],"_links":{"self":[{"href":"https:\/\/klatixmob.com\/it\/wp-json\/wp\/v2\/pages\/31","targetHints":{"allow":["GET"]}}],"collection":[{"href":"https:\/\/klatixmob.com\/it\/wp-json\/wp\/v2\/pages"}],"about":[{"href":"https:\/\/klatixmob.com\/it\/wp-json\/wp\/v2\/types\/page"}],"author":[{"embeddable":true,"href":"https:\/\/klatixmob.com\/it\/wp-json\/wp\/v2\/users\/1"}],"replies":[{"embeddable":true,"href":"https:\/\/klatixmob.com\/it\/wp-json\/wp\/v2\/comments?post=31"}],"version-history":[{"count":1,"href":"https:\/\/klatixmob.com\/it\/wp-json\/wp\/v2\/pages\/31\/revisions"}],"predecessor-version":[{"id":32,"href":"https:\/\/klatixmob.com\/it\/wp-json\/wp\/v2\/pages\/31\/revisions\/32"}],"wp:attachment":[{"href":"https:\/\/klatixmob.com\/it\/wp-json\/wp\/v2\/media?parent=31"}],"curies":[{"name":"parola chiave","href":"https:\/\/api.w.org\/{rel}","templated":true}]}}