{"id":3,"date":"2025-03-20T02:23:17","date_gmt":"2025-03-20T02:23:17","guid":{"rendered":"https:\/\/klatixmob.com\/?page_id=3"},"modified":"2025-03-20T05:20:02","modified_gmt":"2025-03-20T05:20:02","slug":"%ea%b0%9c%ec%9d%b8%ec%a0%95%eb%b3%b4-%eb%b3%b4%ed%98%b8%ec%a0%95%ec%b1%85","status":"publish","type":"page","link":"https:\/\/klatixmob.com\/ko\/politica-de-privacidade\/","title":{"rendered":"\uac1c\uc778\uc815\ubcf4 \ubcf4\ud638\uc815\ucc45"},"content":{"rendered":"<p>\ud658\uc601\ud569\ub2c8\ub2e4\u00a0<strong>\ud074\ub77c\ud2f1\uc2a4<\/strong>\ubb34\ub9ac. \ubcf8 \uac1c\uc778\uc815\ubcf4 \ubcf4\ud638\uc815\ucc45\uc740 \uadc0\ud558\uac00 \ub2f9\uc0ac \uc6f9\uc0ac\uc774\ud2b8\uc5d0 \uc811\uc18d\ud558\uac70\ub098 \uc774\uc6a9\ud560 \ub54c \ub2f9\uc0ac\uac00 \uadc0\ud558\uc5d0 \ub300\ud55c \uc815\ubcf4\ub97c \uc218\uc9d1, \uc0ac\uc6a9 \ubc0f \uacf5\uc720\ud558\ub294 \ubc29\ubc95\uc744 \uc124\uba85\ud569\ub2c8\ub2e4.<\/p>\n\n\n\n<ol class=\"wp-block-list\">\n<li>\uc218\uc9d1\ud558\ub294 \uc815\ubcf4 \uac1c\uc778 \uc815\ubcf4: \uc5c5\ub370\uc774\ud2b8\ub97c \uc2e0\uccad\ud558\uac70\ub098 \ub2e4\ub978 \ubc29\ubc95\uc73c\ub85c \uc800\ud76c\uc640 \uc18c\ud1b5\ud560 \ub54c \uadc0\ud558\uac00 \uc790\ubc1c\uc801\uc73c\ub85c \uc81c\uacf5\ud558\ub294 \uc774\ub984, \uc774\uba54\uc77c \uc8fc\uc18c \ubc0f \uae30\ud0c0 \uc5f0\ub77d\ucc98 \uc815\ubcf4\uc640 \uac19\uc740 \uac1c\uc778 \uc815\ubcf4\ub97c \uc218\uc9d1\ud569\ub2c8\ub2e4. \uc0ac\uc6a9 \ub370\uc774\ud130: \ub2f9\uc0ac\ub294 \uadc0\ud558\uac00 \uc0ac\uc774\ud2b8\uc5d0 \uc811\uc18d\ud558\uace0 \uc0ac\uc6a9\ud558\ub294 \ubc29\ubc95\uc5d0 \ub300\ud55c \uc815\ubcf4(\uadc0\ud558\uc758 \uae30\uae30 \uc720\ud615, \uc6f9 \ube0c\ub77c\uc6b0\uc800, \ubc29\ubb38\ud55c \ud398\uc774\uc9c0, \ud074\ub9ad, \uc0ac\uc6a9 \ud328\ud134 \ubc0f \uae30\ud0c0 \uc0ac\uc6a9 \uc815\ubcf4 \ud3ec\ud568)\ub97c \uc790\ub3d9\uc73c\ub85c \uc218\uc9d1\ud569\ub2c8\ub2e4. \ucfe0\ud0a4 \ubc0f \ucd94\uc801 \uae30\uc220: \ub2f9\uc0ac\ub294 \uadc0\ud558\uc758 \uacbd\ud5d8\uc744 \uac1c\uc778\ud654\ud558\uace0, \uc6f9\uc0ac\uc774\ud2b8\uc640\uc758 \uc0c1\ud638\uc791\uc6a9\uacfc \ud45c\uc2dc\ub41c \uad11\uace0\uc5d0 \ub300\ud55c \ub370\uc774\ud130\ub97c \uc218\uc9d1\ud558\uae30 \uc704\ud574 \ucfe0\ud0a4\uc640 \ucd94\uc801 \uae30\uc220\uc744 \uc0ac\uc6a9\ud569\ub2c8\ub2e4.<\/li>\n\n\n\n<li>\uc815\ubcf4 \uc0ac\uc6a9 \uadc0\ud558\uc758 \uc815\ubcf4\ub294 \ub2e4\uc74c\uacfc \uac19\uc740 \ubaa9\uc801\uc73c\ub85c \uc0ac\uc6a9\ub429\ub2c8\ub2e4.<\/li>\n<\/ol>\n\n\n\n<p>\ub2f9\uc0ac\uc758 \uc6f9\uc0ac\uc774\ud2b8 \ubc0f \uc11c\ube44\uc2a4\ub97c \uc81c\uacf5, \uc720\uc9c0\uad00\ub9ac \ubc0f \uac1c\uc120\ud569\ub2c8\ub2e4. \uc5ec\ub7ec\ubd84\uacfc \uc18c\ud1b5\ud558\uace0, \uc9c8\ubb38\uacfc \uc694\uccad\uc5d0 \ub2f5\ubcc0\ud574 \ub4dc\ub9bd\ub2c8\ub2e4. \uac1c\uc778\ud654\ub41c \uad11\uace0\ub97c \ud45c\uc2dc\ud558\uace0 \ub370\uc774\ud130 \ubd84\uc11d\uc744 \uc218\ud589\ud569\ub2c8\ub2e4.<\/p>\n\n\n\n<ol start=\"3\" class=\"wp-block-list\">\n<li>\uc815\ubcf4 \uacf5\uc720 \uc6b0\ub9ac\ub294 \ub2e4\uc74c\uc758 \uc0c1\ud669\uc5d0\uc11c \uadc0\ud558\uc758 \uc815\ubcf4\ub97c \uc81c3\uc790\uc640 \uacf5\uc720\ud560 \uc218 \uc788\uc2b5\ub2c8\ub2e4.<\/li>\n<\/ol>\n\n\n\n<p>\uc11c\ube44\uc2a4 \uc81c\uacf5\uc790: \ub2f9\uc0ac\ub294 \uc6f9 \ud638\uc2a4\ud305 \ubc0f \ub370\uc774\ud130 \ubd84\uc11d \ub4f1 \uc0ac\uc774\ud2b8 \uc6b4\uc601\uc5d0 \ub3c4\uc6c0\uc744 \uc8fc\ub294 \uacf5\uae09\uc5c5\uccb4\uc640 \uc815\ubcf4\ub97c \uacf5\uc720\ud569\ub2c8\ub2e4. Google Ad Exchange: Google Ad Exchange\ub97c \ud1b5\ud574 \uad11\uace0\ub97c \ud45c\uc2dc\ud558\ub294 \ub370 \ud544\uc694\ud569\ub2c8\ub2e4. \ubc95\ub960 \uc900\uc218: \ubc95\ub960\uc744 \uc900\uc218\ud558\uac70\ub098 \ubc95\uc801 \uc808\ucc28\uc5d0 \uc751\ub2f5\ud574\uc57c \ud560 \ub54c.<\/p>\n\n\n\n<ol start=\"4\" class=\"wp-block-list\">\n<li>Google AdSense Google AdSense \uc57d\uad00\uc5d0 \ub530\ub77c, \uc81c3\uc790 \uacf5\uae09\uc5c5\uccb4\uc778 Google\uc740 \ucfe0\ud0a4\ub97c \uc0ac\uc6a9\ud558\uc5ec \ub2f9\uc0ac \uc6f9\uc0ac\uc774\ud2b8\uc5d0 \uad11\uace0\ub97c \uac8c\uc7ac\ud55c\ub2e4\ub294 \uc0ac\uc2e4\uc744 \uc54c\ub824\ub4dc\ub9bd\ub2c8\ub2e4. Google\uc740 DART \ucfe0\ud0a4\ub97c \uc0ac\uc6a9\ud558\uc5ec \uc0ac\uc6a9\uc790\uac00 \uc774\uc804\uc5d0 \ub2f9\uc0ac \uc0ac\uc774\ud2b8\uc640 \uc778\ud130\ub137\uc758 \ub2e4\ub978 \uc0ac\uc774\ud2b8\ub97c \ubc29\ubb38\ud55c \uae30\ub85d\uc5d0 \ub530\ub77c \uad11\uace0\ub97c \uac8c\uc7ac\ud569\ub2c8\ub2e4. \uc0ac\uc6a9\uc790\ub294 Google \uad11\uace0 \ubc0f \ucf58\ud150\uce20 \ub124\ud2b8\uc6cc\ud06c \uac1c\uc778\uc815\ubcf4 \ucde8\uae09\ubc29\uce68\uc744 \ubc29\ubb38\ud558\uc5ec DART \ucfe0\ud0a4 \uc0ac\uc6a9\uc744 \uac70\ubd80\ud560 \uc218 \uc788\uc2b5\ub2c8\ub2e4.<\/li>\n\n\n\n<li>\uac1c\uc778\uc815\ubcf4 \ubcf4\ud638\uc815\ucc45\uc758 \ubcc0\uacbd \ub2f9\uc0ac\ub294 \uc218\uc2dc\ub85c \uac1c\uc778\uc815\ubcf4 \ubcf4\ud638\uc815\ucc45\uc744 \uc5c5\ub370\uc774\ud2b8\ud560 \uc218 \uc788\uc2b5\ub2c8\ub2e4. \uc0c8\ub85c\uc6b4 \uac1c\uc778\uc815\ubcf4 \ubcf4\ud638\uc815\ucc45\uc740 \uc774 \ud398\uc774\uc9c0\uc5d0 \uac8c\uc2dc\ub418\uc5b4 \ubcc0\uacbd \uc0ac\ud56d\uc744 \uc54c\ub824\ub4dc\ub9bd\ub2c8\ub2e4.<\/li>\n\n\n\n<li>\ubb38\uc758 \uc0ac\ud56d \ubcf8 \uac1c\uc778\uc815\ubcf4 \ubcf4\ud638\uc815\ucc45\uc5d0 \uad00\ud55c \uc9c8\ubb38\uc774 \uc788\uc73c\uc2dc\uba74 \uc800\ud76c\uc5d0\uac8c \uc5f0\ub77d\ud574 \uc8fc\uc2dc\uae30 \ubc14\ub78d\ub2c8\ub2e4.<\/li>\n<\/ol>","protected":false},"excerpt":{"rendered":"<p>Bem-vindo ao\u00a0KlatixMob. Esta pol\u00edtica de privacidade descreve como coletamos, usamos e compartilhamos informa\u00e7\u00f5es sobre voc\u00ea quando acessa ou usa nosso site. Fornecer, manter e melhorar nosso site e servi\u00e7os. Comunicar-nos com voc\u00ea, responder suas perguntas e solicita\u00e7\u00f5es. Exibir an\u00fancios personalizados e realizar an\u00e1lises de dados. Fornecedores de Servi\u00e7os: Compartilhamos informa\u00e7\u00f5es com fornecedores que nos ajudam &#8230; <a title=\"\uac1c\uc778\uc815\ubcf4 \ubcf4\ud638\uc815\ucc45\" class=\"read-more\" href=\"https:\/\/klatixmob.com\/ko\/politica-de-privacidade\/\" aria-label=\"Pol\u00edticas de Privacidade\uc5d0 \ub300\ud574 \ub354 \uc790\uc138\ud788 \uc54c\uc544\ubcf4\uc138\uc694\">\ub354 \uc77d\uc5b4\ubcf4\uc138\uc694<\/a><\/p>","protected":false},"author":1,"featured_media":0,"parent":0,"menu_order":0,"comment_status":"closed","ping_status":"open","template":"","meta":{"footnotes":""},"class_list":["post-3","page","type-page","status-publish"],"_links":{"self":[{"href":"https:\/\/klatixmob.com\/ko\/wp-json\/wp\/v2\/pages\/3","targetHints":{"allow":["GET"]}}],"collection":[{"href":"https:\/\/klatixmob.com\/ko\/wp-json\/wp\/v2\/pages"}],"about":[{"href":"https:\/\/klatixmob.com\/ko\/wp-json\/wp\/v2\/types\/page"}],"author":[{"embeddable":true,"href":"https:\/\/klatixmob.com\/ko\/wp-json\/wp\/v2\/users\/1"}],"replies":[{"embeddable":true,"href":"https:\/\/klatixmob.com\/ko\/wp-json\/wp\/v2\/comments?post=3"}],"version-history":[{"count":1,"href":"https:\/\/klatixmob.com\/ko\/wp-json\/wp\/v2\/pages\/3\/revisions"}],"predecessor-version":[{"id":34,"href":"https:\/\/klatixmob.com\/ko\/wp-json\/wp\/v2\/pages\/3\/revisions\/34"}],"wp:attachment":[{"href":"https:\/\/klatixmob.com\/ko\/wp-json\/wp\/v2\/media?parent=3"}],"curies":[{"name":"wp","href":"https:\/\/api.w.org\/{rel}","templated":true}]}}