{"id":3,"date":"2025-03-20T02:23:17","date_gmt":"2025-03-20T02:23:17","guid":{"rendered":"https:\/\/klatixmob.com\/?page_id=3"},"modified":"2025-03-20T05:20:02","modified_gmt":"2025-03-20T05:20:02","slug":"privatumo-politika","status":"publish","type":"page","link":"https:\/\/klatixmob.com\/lt\/politica-de-privacidade\/","title":{"rendered":"Privatumo politika"},"content":{"rendered":"<p>Sveiki atvyk\u0119 \u012f\u00a0<strong>Klatix<\/strong>Mob. \u0160ioje privatumo politikoje apra\u0161oma, kaip mes renkame, naudojame ir bendriname informacij\u0105 apie jus, kai j\u016bs lankot\u0117s m\u016bs\u0173 svetain\u0117je arba naudojat\u0117s ja.<\/p>\n\n\n\n<ol class=\"wp-block-list\">\n<li>M\u016bs\u0173 renkama informacija Asmenin\u0117 informacija: Renkame asmenin\u0119 informacij\u0105, kuri\u0105 j\u016bs savanori\u0161kai pateikiate, pvz., j\u016bs\u0173 vard\u0105, pavard\u0119, el. pa\u0161to adres\u0105 ir kit\u0105 kontaktin\u0119 informacij\u0105, kai u\u017esiregistruojate gauti naujienas arba bendraujate su mumis. Naudojimo duomenys: Mes automati\u0161kai renkame informacij\u0105 apie tai, kaip j\u016bs pasiekiate svetain\u0119 ir ja naudojat\u0117s, \u012fskaitant \u012frenginio tip\u0105, \u017einiatinklio nar\u0161ykl\u0119, aplankytus puslapius, paspaudimus, naudojimo modelius ir kit\u0105 naudojimo informacij\u0105. Slapukai ir sekimo technologijos: Mes naudojame slapukus ir sekimo technologijas, kad suasmenintume j\u016bs\u0173 patirt\u012f ir rinktume duomenis apie j\u016bs\u0173 s\u0105veik\u0105 su svetaine ir rodomomis reklamomis.<\/li>\n\n\n\n<li>Informacijos naudojimas J\u016bs\u0173 informacij\u0105 naudojame \u0161iais tikslais:<\/li>\n<\/ol>\n\n\n\n<p>Teikti, pri\u017ei\u016br\u0117ti ir tobulinti m\u016bs\u0173 svetain\u0119 bei paslaugas. Bendrauti su jumis, atsakyti \u012f j\u016bs\u0173 klausimus ir pra\u0161ymus. Rodyti suasmenintus skelbimus ir atlikti duomen\u0173 analiz\u0119.<\/p>\n\n\n\n<ol start=\"3\" class=\"wp-block-list\">\n<li>Informacijos bendrinimas. J\u016bs\u0173 informacij\u0105 galime bendrinti su tre\u010diosiomis \u0161alimis \u0161iomis aplinkyb\u0117mis:<\/li>\n<\/ol>\n\n\n\n<p>Paslaug\u0173 teik\u0117jai: Mes dalijam\u0117s informacija su tiek\u0117jais, kurie padeda mums valdyti svetain\u0119, pvz., \u017einiatinklio prieglobos ir duomen\u0173 analiz\u0117s paslaugomis. \u201eGoogle Ad Exchange\u201c: Kai reikia rodyti skelbimus per \u201eGoogle Ad Exchange\u201c. Teisin\u0117 atitiktis: Kai b\u016btina laikytis \u012fstatym\u0173 arba reaguoti \u012f teisinius procesus.<\/p>\n\n\n\n<ol start=\"4\" class=\"wp-block-list\">\n<li>\u201eGoogle AdSense\u201c: pagal \u201eGoogle AdSense\u201c s\u0105lygas informuojame, kad \u201eGoogle\u201c, kaip tre\u010diosios \u0161alies tiek\u0117jas, naudoja slapukus, kad m\u016bs\u0173 svetain\u0117je rodyt\u0173 skelbimus. \u201eGoogle\u201c naudodama DART slapuk\u0105 gali rodyti skelbimus m\u016bs\u0173 vartotojams, atsi\u017evelgiant \u012f j\u0173 apsilankymus m\u016bs\u0173 svetain\u0117je ir kitose interneto svetain\u0117se. Vartotojai gali atsisakyti DART slapuko naudojimo apsilank\u0119 \u201eGoogle\u201c skelbim\u0173 ir turinio tinklo privatumo politikoje.<\/li>\n\n\n\n<li>Privatumo politikos pakeitimai. Mes galime laikas nuo laiko atnaujinti savo privatumo politik\u0105. Apie visus pakeitimus prane\u0161ime jums paskelbdami nauj\u0105j\u0105 privatumo politik\u0105 \u0161iame puslapyje.<\/li>\n\n\n\n<li>Susisiekite su mumis Jei turite klausim\u0173 apie \u0161i\u0105 privatumo politik\u0105, susisiekite su mumis.<\/li>\n<\/ol>","protected":false},"excerpt":{"rendered":"<p>Bem-vindo ao\u00a0KlatixMob. Esta pol\u00edtica de privacidade descreve como coletamos, usamos e compartilhamos informa\u00e7\u00f5es sobre voc\u00ea quando acessa ou usa nosso site. Fornecer, manter e melhorar nosso site e servi\u00e7os. Comunicar-nos com voc\u00ea, responder suas perguntas e solicita\u00e7\u00f5es. Exibir an\u00fancios personalizados e realizar an\u00e1lises de dados. Fornecedores de Servi\u00e7os: Compartilhamos informa\u00e7\u00f5es com fornecedores que nos ajudam &#8230; <a title=\"Privatumo politika\" class=\"read-more\" href=\"https:\/\/klatixmob.com\/lt\/politica-de-privacidade\/\" aria-label=\"Read more about Pol\u00edticas de Privacidade\">skaityti daugiau<\/a><\/p>","protected":false},"author":1,"featured_media":0,"parent":0,"menu_order":0,"comment_status":"closed","ping_status":"open","template":"","meta":{"footnotes":""},"class_list":["post-3","page","type-page","status-publish"],"_links":{"self":[{"href":"https:\/\/klatixmob.com\/lt\/wp-json\/wp\/v2\/pages\/3","targetHints":{"allow":["GET"]}}],"collection":[{"href":"https:\/\/klatixmob.com\/lt\/wp-json\/wp\/v2\/pages"}],"about":[{"href":"https:\/\/klatixmob.com\/lt\/wp-json\/wp\/v2\/types\/page"}],"author":[{"embeddable":true,"href":"https:\/\/klatixmob.com\/lt\/wp-json\/wp\/v2\/users\/1"}],"replies":[{"embeddable":true,"href":"https:\/\/klatixmob.com\/lt\/wp-json\/wp\/v2\/comments?post=3"}],"version-history":[{"count":1,"href":"https:\/\/klatixmob.com\/lt\/wp-json\/wp\/v2\/pages\/3\/revisions"}],"predecessor-version":[{"id":34,"href":"https:\/\/klatixmob.com\/lt\/wp-json\/wp\/v2\/pages\/3\/revisions\/34"}],"wp:attachment":[{"href":"https:\/\/klatixmob.com\/lt\/wp-json\/wp\/v2\/media?parent=3"}],"curies":[{"name":"wp","href":"https:\/\/api.w.org\/{rel}","templated":true}]}}