{"id":31,"date":"2025-03-20T04:13:48","date_gmt":"2025-03-20T04:13:48","guid":{"rendered":"https:\/\/klatixmob.com\/?page_id=31"},"modified":"2025-03-24T05:44:11","modified_gmt":"2025-03-24T05:44:11","slug":"naudojimo-salygos","status":"publish","type":"page","link":"https:\/\/klatixmob.com\/lt\/termos-de-uso\/","title":{"rendered":"Naudojimo s\u0105lygos"},"content":{"rendered":"<p>Jei ir toliau nar\u0161ysite ir naudosite \u0161i\u0105 svetain\u0119, j\u016bs sutinkate laikytis \u0161i\u0173 naudojimo s\u0105lyg\u0173, kurios kartu su m\u016bs\u0173 privatumo politika reglamentuoja \u201eKlatixMob\u201c santykius su jumis.<\/p>\n\n\n\n<p>Jei nesutinkate su bet kuria \u0161i\u0173 s\u0105lyg\u0173 dalimi, nesinaudokite m\u016bs\u0173 svetaine.<\/p>\n\n\n\n<p>\u0160ios svetain\u0117s naudojimui taikomos \u0161ios naudojimo s\u0105lygos:<\/p>\n\n\n\n<p>\u0160ios svetain\u0117s puslapi\u0173 turinys skirtas tik bendrai informacijai ir naudojimui. Jis gali b\u016bti kei\u010diamas be i\u0161ankstinio \u012fsp\u0117jimo. Nei mes, nei jokios tre\u010diosios \u0161alys neteikiame joki\u0173 garantij\u0173 d\u0117l \u0161ioje svetain\u0117je esan\u010dios ar si\u016blomos informacijos ir med\u017eiagos tikslumo, savalaiki\u0161kumo, na\u0161umo, i\u0161samumo ar tinkamumo jokiam konkre\u010diam tikslui. J\u016bs naudojate bet koki\u0105 \u0161ioje svetain\u0117je esan\u010di\u0105 informacij\u0105 ar med\u017eiag\u0105 savo pa\u010di\u0173 rizika, u\u017e kuri\u0105 mes neatsakome. Retkar\u010diais \u0161ioje svetain\u0117je taip pat gali b\u016bti nuorod\u0173 \u012f kitas svetaines. \u0160ios nuorodos pateikiamos j\u016bs\u0173 patogumui, kad gal\u0117tum\u0117te gauti daugiau informacijos. Mes neatsakome u\u017e susiet\u0173 svetaini\u0173 turin\u012f.<\/p>","protected":false},"excerpt":{"rendered":"<p>Toliau nar\u0161ydami ir naudodamiesi \u0161ia svetaine, j\u016bs sutinkate laikytis \u0161i\u0173 naudojimo s\u0105lyg\u0173, kurios kartu su m\u016bs\u0173 privatumo politika reglamentuoja \u201eKlatixMob\u201c santykius su jumis. Jei nesutinkate su bet kuria \u0161i\u0173 s\u0105lyg\u0173 dalimi, nesinaudokite m\u016bs\u0173 svetaine. \u0160ios svetain\u0117s naudojimas priklauso nuo\u2026 <a title=\"Naudojimo s\u0105lygos\" class=\"read-more\" href=\"https:\/\/klatixmob.com\/lt\/termos-de-uso\/\" aria-label=\"Skaitykite daugiau apie Naudojimo s\u0105lygas\">skaityti daugiau<\/a><\/p>","protected":false},"author":1,"featured_media":0,"parent":0,"menu_order":0,"comment_status":"closed","ping_status":"closed","template":"","meta":{"footnotes":""},"class_list":["post-31","page","type-page","status-publish"],"_links":{"self":[{"href":"https:\/\/klatixmob.com\/lt\/wp-json\/wp\/v2\/pages\/31","targetHints":{"allow":["GET"]}}],"collection":[{"href":"https:\/\/klatixmob.com\/lt\/wp-json\/wp\/v2\/pages"}],"about":[{"href":"https:\/\/klatixmob.com\/lt\/wp-json\/wp\/v2\/types\/page"}],"author":[{"embeddable":true,"href":"https:\/\/klatixmob.com\/lt\/wp-json\/wp\/v2\/users\/1"}],"replies":[{"embeddable":true,"href":"https:\/\/klatixmob.com\/lt\/wp-json\/wp\/v2\/comments?post=31"}],"version-history":[{"count":1,"href":"https:\/\/klatixmob.com\/lt\/wp-json\/wp\/v2\/pages\/31\/revisions"}],"predecessor-version":[{"id":32,"href":"https:\/\/klatixmob.com\/lt\/wp-json\/wp\/v2\/pages\/31\/revisions\/32"}],"wp:attachment":[{"href":"https:\/\/klatixmob.com\/lt\/wp-json\/wp\/v2\/media?parent=31"}],"curies":[{"name":"wp","href":"https:\/\/api.w.org\/{rel}","templated":true}]}}