{"id":3,"date":"2025-03-20T02:23:17","date_gmt":"2025-03-20T02:23:17","guid":{"rendered":"https:\/\/klatixmob.com\/?page_id=3"},"modified":"2025-03-20T05:20:02","modified_gmt":"2025-03-20T05:20:02","slug":"polityka-prywatnosci","status":"publish","type":"page","link":"https:\/\/klatixmob.com\/pl\/politica-de-privacidade\/","title":{"rendered":"Polityka prywatno\u015bci"},"content":{"rendered":"<p>Witamy w\u00a0<strong>Klatix<\/strong>T\u0142um. Niniejsza polityka prywatno\u015bci opisuje spos\u00f3b, w jaki zbieramy, wykorzystujemy i udost\u0119pniamy informacje o Tobie, gdy odwiedzasz nasz\u0105 witryn\u0119 internetow\u0105 lub z niej korzystasz.<\/p>\n\n\n\n<ol class=\"wp-block-list\">\n<li>Informacje, kt\u00f3re zbieramy Dane osobowe: Zbieramy dane osobowe, kt\u00f3re dobrowolnie przekazujesz, takie jak imi\u0119 i nazwisko, adres e-mail i inne dane kontaktowe, gdy zapisujesz si\u0119 na aktualizacje lub w inny spos\u00f3b komunikujesz si\u0119 z nami. Dane dotycz\u0105ce u\u017cytkowania: Automatycznie zbieramy informacje o tym, w jaki spos\u00f3b uzyskujesz dost\u0119p do Witryny i korzystasz z niej, w tym o typie Twojego urz\u0105dzenia, przegl\u0105darce internetowej, odwiedzanych stronach, klikni\u0119ciach, wzorcach u\u017cytkowania i innych informacjach o u\u017cytkowaniu. Pliki cookie i technologie \u015bledzenia: U\u017cywamy plik\u00f3w cookie i technologii \u015bledzenia w celu personalizacji Twoich do\u015bwiadcze\u0144 oraz zbierania danych o Twojej interakcji ze stron\u0105 internetow\u0105 i wy\u015bwietlanymi reklamami.<\/li>\n\n\n\n<li>Wykorzystanie informacji Wykorzystujemy Twoje informacje w celu:<\/li>\n<\/ol>\n\n\n\n<p>Dostarczanie, utrzymywanie i ulepszanie naszej witryny internetowej i \u015bwiadczonych us\u0142ug. Komunikowa\u0107 si\u0119 z Tob\u0105, odpowiada\u0107 na Twoje pytania i pro\u015bby. Wy\u015bwietlaj spersonalizowane reklamy i przeprowadzaj analiz\u0119 danych.<\/p>\n\n\n\n<ol start=\"3\" class=\"wp-block-list\">\n<li>Udost\u0119pnianie informacji Mo\u017cemy udost\u0119pnia\u0107 Twoje informacje osobom trzecim w nast\u0119puj\u0105cych okoliczno\u015bciach:<\/li>\n<\/ol>\n\n\n\n<p>Dostawcy us\u0142ug: Udost\u0119pniamy informacje dostawcom, kt\u00f3rzy pomagaj\u0105 nam w prowadzeniu Witryny, np. w zakresie hostingu stron internetowych i analizy danych. Google Ad Exchange: W razie konieczno\u015bci wy\u015bwietlania reklam za po\u015brednictwem Google Ad Exchange. Zgodno\u015b\u0107 z prawem: Gdy jest to konieczne w celu przestrzegania prawa lub w odpowiedzi na post\u0119powanie prawne.<\/p>\n\n\n\n<ol start=\"4\" class=\"wp-block-list\">\n<li>Google AdSense Zgodnie z warunkami us\u0142ugi Google AdSense informujemy, \u017ce Google, jako zewn\u0119trzny dostawca, u\u017cywa plik\u00f3w cookie do wy\u015bwietlania reklam na naszej stronie internetowej. Pliki cookie DART umo\u017cliwiaj\u0105 firmie Google wy\u015bwietlanie naszym u\u017cytkownikom reklam w oparciu o ich wcze\u015bniejsze wizyty na naszej stronie i innych stronach w Internecie. U\u017cytkownicy mog\u0105 zrezygnowa\u0107 z wykorzystywania plik\u00f3w cookie DART, odwiedzaj\u0105c stron\u0119 Polityki prywatno\u015bci Google Ad and Content Network.<\/li>\n\n\n\n<li>Zmiany w Polityce Prywatno\u015bci Nasza Polityka Prywatno\u015bci mo\u017ce by\u0107 od czasu do czasu aktualizowana. Powiadomimy Ci\u0119 o wszelkich zmianach, publikuj\u0105c now\u0105 Polityk\u0119 prywatno\u015bci na tej stronie.<\/li>\n\n\n\n<li>Kontakt Je\u015bli masz jakiekolwiek pytania dotycz\u0105ce niniejszej Polityki prywatno\u015bci, skontaktuj si\u0119 z nami.<\/li>\n<\/ol>","protected":false},"excerpt":{"rendered":"<p>Bem-vindo ao\u00a0KlatixMob. Esta pol\u00edtica de privacidade descreve como coletamos, usamos e compartilhamos informa\u00e7\u00f5es sobre voc\u00ea quando acessa ou usa nosso site. Fornecer, manter e melhorar nosso site e servi\u00e7os. Comunicar-nos com voc\u00ea, responder suas perguntas e solicita\u00e7\u00f5es. Exibir an\u00fancios personalizados e realizar an\u00e1lises de dados. Fornecedores de Servi\u00e7os: Compartilhamos informa\u00e7\u00f5es com fornecedores que nos ajudam &#8230; <a title=\"Polityka prywatno\u015bci\" class=\"read-more\" href=\"https:\/\/klatixmob.com\/pl\/politica-de-privacidade\/\" aria-label=\"Dowiedz si\u0119 wi\u0119cej o Pol\u00edticas de Privacidade\">czytaj wi\u0119cej<\/a><\/p>","protected":false},"author":1,"featured_media":0,"parent":0,"menu_order":0,"comment_status":"closed","ping_status":"open","template":"","meta":{"footnotes":""},"class_list":["post-3","page","type-page","status-publish"],"_links":{"self":[{"href":"https:\/\/klatixmob.com\/pl\/wp-json\/wp\/v2\/pages\/3","targetHints":{"allow":["GET"]}}],"collection":[{"href":"https:\/\/klatixmob.com\/pl\/wp-json\/wp\/v2\/pages"}],"about":[{"href":"https:\/\/klatixmob.com\/pl\/wp-json\/wp\/v2\/types\/page"}],"author":[{"embeddable":true,"href":"https:\/\/klatixmob.com\/pl\/wp-json\/wp\/v2\/users\/1"}],"replies":[{"embeddable":true,"href":"https:\/\/klatixmob.com\/pl\/wp-json\/wp\/v2\/comments?post=3"}],"version-history":[{"count":1,"href":"https:\/\/klatixmob.com\/pl\/wp-json\/wp\/v2\/pages\/3\/revisions"}],"predecessor-version":[{"id":34,"href":"https:\/\/klatixmob.com\/pl\/wp-json\/wp\/v2\/pages\/3\/revisions\/34"}],"wp:attachment":[{"href":"https:\/\/klatixmob.com\/pl\/wp-json\/wp\/v2\/media?parent=3"}],"curies":[{"name":"wp","href":"https:\/\/api.w.org\/{rel}","templated":true}]}}