{"id":31,"date":"2025-03-20T04:13:48","date_gmt":"2025-03-20T04:13:48","guid":{"rendered":"https:\/\/klatixmob.com\/?page_id=31"},"modified":"2025-03-24T05:44:11","modified_gmt":"2025-03-24T05:44:11","slug":"warunki-uzytkowania","status":"publish","type":"page","link":"https:\/\/klatixmob.com\/pl\/termos-de-uso\/","title":{"rendered":"Warunki korzystania"},"content":{"rendered":"<p>Kontynuuj\u0105c przegl\u0105danie i korzystanie z tej witryny internetowej, wyra\u017casz zgod\u0119 na przestrzeganie i zwi\u0105zanie si\u0119 nast\u0119puj\u0105cymi warunkami korzystania, kt\u00f3re wraz z nasz\u0105 polityk\u0105 prywatno\u015bci reguluj\u0105 relacje pomi\u0119dzy KlatixMob a Tob\u0105.<\/p>\n\n\n\n<p>Je\u017celi nie zgadzasz si\u0119 z jak\u0105kolwiek cz\u0119\u015bci\u0105 niniejszych warunk\u00f3w, prosimy nie korzysta\u0107 z naszej strony internetowej.<\/p>\n\n\n\n<p>Korzystanie z tej witryny internetowej podlega nast\u0119puj\u0105cym warunkom korzystania:<\/p>\n\n\n\n<p>Tre\u015b\u0107 stron tej witryny internetowej ma charakter wy\u0142\u0105cznie og\u00f3lnoinformacyjny i jest przeznaczona do u\u017cytku. Zastrzega si\u0119 mo\u017cliwo\u015b\u0107 zmian bez powiadomienia. Ani my, ani \u017cadna strona trzecia nie udzielamy \u017cadnej gwarancji co do dok\u0142adno\u015bci, aktualno\u015bci, wydajno\u015bci, kompletno\u015bci lub przydatno\u015bci informacji i materia\u0142\u00f3w znalezionych lub oferowanych na tej stronie internetowej do jakiegokolwiek konkretnego celu. Korzystasz z informacji i materia\u0142\u00f3w zamieszczonych na tej stronie internetowej wy\u0142\u0105cznie na w\u0142asne ryzyko, za kt\u00f3re nie ponosimy odpowiedzialno\u015bci. Od czasu do czasu na tej stronie internetowej mog\u0105 znajdowa\u0107 si\u0119 r\u00f3wnie\u017c linki do innych stron internetowych. Linki te udost\u0119pniamy wy\u0142\u0105cznie w celu u\u0142atwienia dost\u0119pu do dalszych informacji. Nie ponosimy odpowiedzialno\u015bci za tre\u015b\u0107 podlinkowanych stron internetowych.<\/p>","protected":false},"excerpt":{"rendered":"<p>Se voc\u00ea continuar navegando e usando este site, concorda em cumprir e ficar vinculado aos seguintes termos e condi\u00e7\u00f5es de uso, que, juntamente com nossa pol\u00edtica de privacidade, regem o relacionamento do KlatixMob com voc\u00ea. Se voc\u00ea discordar de qualquer parte destes termos e condi\u00e7\u00f5es, n\u00e3o use nosso site. O uso deste site est\u00e1 sujeito &#8230; <a title=\"Warunki korzystania\" class=\"read-more\" href=\"https:\/\/klatixmob.com\/pl\/termos-de-uso\/\" aria-label=\"Dowiedz si\u0119 wi\u0119cej o Termos de Uso\">czytaj wi\u0119cej<\/a><\/p>","protected":false},"author":1,"featured_media":0,"parent":0,"menu_order":0,"comment_status":"closed","ping_status":"closed","template":"","meta":{"footnotes":""},"class_list":["post-31","page","type-page","status-publish"],"_links":{"self":[{"href":"https:\/\/klatixmob.com\/pl\/wp-json\/wp\/v2\/pages\/31","targetHints":{"allow":["GET"]}}],"collection":[{"href":"https:\/\/klatixmob.com\/pl\/wp-json\/wp\/v2\/pages"}],"about":[{"href":"https:\/\/klatixmob.com\/pl\/wp-json\/wp\/v2\/types\/page"}],"author":[{"embeddable":true,"href":"https:\/\/klatixmob.com\/pl\/wp-json\/wp\/v2\/users\/1"}],"replies":[{"embeddable":true,"href":"https:\/\/klatixmob.com\/pl\/wp-json\/wp\/v2\/comments?post=31"}],"version-history":[{"count":1,"href":"https:\/\/klatixmob.com\/pl\/wp-json\/wp\/v2\/pages\/31\/revisions"}],"predecessor-version":[{"id":32,"href":"https:\/\/klatixmob.com\/pl\/wp-json\/wp\/v2\/pages\/31\/revisions\/32"}],"wp:attachment":[{"href":"https:\/\/klatixmob.com\/pl\/wp-json\/wp\/v2\/media?parent=31"}],"curies":[{"name":"wp","href":"https:\/\/api.w.org\/{rel}","templated":true}]}}