{"id":3,"date":"2025-03-20T02:23:17","date_gmt":"2025-03-20T02:23:17","guid":{"rendered":"https:\/\/klatixmob.com\/?page_id=3"},"modified":"2025-03-20T05:20:02","modified_gmt":"2025-03-20T05:20:02","slug":"politica-de-confidentialitate","status":"publish","type":"page","link":"https:\/\/klatixmob.com\/ro\/politica-de-privacidade\/","title":{"rendered":"Politici de confiden\u021bialitate"},"content":{"rendered":"<p>Bun venit la\u00a0<strong>Klatix<\/strong>Mob. Aceast\u0103 politic\u0103 de confiden\u021bialitate descrie modul \u00een care colect\u0103m, folosim \u0219i distribuim informa\u021bii despre dvs. atunci c\u00e2nd accesa\u021bi sau utiliza\u021bi site-ul nostru web.<\/p>\n\n\n\n<ol class=\"wp-block-list\">\n<li>Informa\u021bii pe care le colect\u0103m informa\u021bii personale: Colect\u0103m informa\u021bii personale pe care le furniza\u021bi \u00een mod voluntar, cum ar fi numele dvs., adresa de e-mail \u0219i alte informa\u021bii de contact atunci c\u00e2nd v\u0103 \u00eenscrie\u021bi pentru actualiz\u0103ri sau comunica\u021bi \u00een alt mod cu noi. Date de utilizare: Colect\u0103m automat informa\u021bii despre modul \u00een care accesa\u021bi \u0219i utiliza\u021bi Site-ul, inclusiv tipul de dispozitiv, browserul web, paginile vizitate, clicurile, modelele de utilizare \u0219i alte informa\u021bii de utilizare. Cookie-uri \u0219i tehnologii de urm\u0103rire: folosim module cookie \u0219i tehnologii de urm\u0103rire pentru a v\u0103 personaliza experien\u021ba \u0219i pentru a colecta date despre interac\u021biunea dumneavoastr\u0103 cu site-ul web \u0219i reclamele afi\u0219ate.<\/li>\n\n\n\n<li>Utilizarea informa\u021biilor Folosim informa\u021biile dumneavoastr\u0103 pentru:<\/li>\n<\/ol>\n\n\n\n<p>Furniza\u021bi, men\u021bine\u021bi \u0219i \u00eembun\u0103t\u0103\u021bi\u021bi site-ul \u0219i serviciile noastre. Comunic\u0103 cu tine, r\u0103spunde la \u00eentreb\u0103rile \u0219i solicit\u0103rile tale. Afi\u0219eaz\u0103 reclame personalizate \u0219i efectueaz\u0103 analize de date.<\/p>\n\n\n\n<ol start=\"3\" class=\"wp-block-list\">\n<li>Partajarea informa\u021biilor Putem partaja informa\u021biile dumneavoastr\u0103 cu ter\u021be p\u0103r\u021bi \u00een urm\u0103toarele circumstan\u021be:<\/li>\n<\/ol>\n\n\n\n<p>Furnizori de servicii: \u00cemp\u0103rt\u0103\u0219im informa\u021bii cu furnizorii care ne ajut\u0103 s\u0103 operam Site-ul, cum ar fi g\u0103zduirea web \u0219i analiza datelor. Google Ad Exchange: dup\u0103 cum este necesar, pentru a afi\u0219a anun\u021buri prin Google Ad Exchange. Conformitate legal\u0103: atunci c\u00e2nd este necesar pentru a respecta legea sau pentru a r\u0103spunde proceselor legale.<\/p>\n\n\n\n<ol start=\"4\" class=\"wp-block-list\">\n<li>Google AdSense \u00cen conformitate cu termenii Google AdSense, v\u0103 inform\u0103m c\u0103 Google, \u00een calitate de furnizor ter\u021b\u0103 parte, utilizeaz\u0103 cookie-uri pentru a difuza anun\u021buri pe site-ul nostru web. Utilizarea de c\u0103tre Google a cookie-ului DART \u00eei permite s\u0103 difuzeze reclame utilizatorilor no\u0219tri pe baza vizitelor lor anterioare pe site-ul nostru \u0219i pe alte site-uri de pe Internet. Utilizatorii pot renun\u021ba la utilizarea cookie-ului DART vizit\u00e2nd Politica de confiden\u021bialitate Google Ad \u0219i Re\u021beaua de con\u021binut.<\/li>\n\n\n\n<li>Modific\u0103ri ale Politicii de confiden\u021bialitate Putem actualiza Politica de confiden\u021bialitate din c\u00e2nd \u00een c\u00e2nd. V\u0103 vom anun\u021ba cu privire la orice modificare prin publicarea noii Politici de confiden\u021bialitate pe aceast\u0103 pagin\u0103.<\/li>\n\n\n\n<li>Contact Dac\u0103 ave\u021bi \u00eentreb\u0103ri despre aceast\u0103 Politic\u0103 de confiden\u021bialitate, v\u0103 rug\u0103m s\u0103 ne contacta\u021bi.<\/li>\n<\/ol>","protected":false},"excerpt":{"rendered":"<p>Bem-vindo ao\u00a0KlatixMob. Esta pol\u00edtica de privacidade descreve como coletamos, usamos e compartilhamos informa\u00e7\u00f5es sobre voc\u00ea quando acessa ou usa nosso site. Fornecer, manter e melhorar nosso site e servi\u00e7os. Comunicar-nos com voc\u00ea, responder suas perguntas e solicita\u00e7\u00f5es. Exibir an\u00fancios personalizados e realizar an\u00e1lises de dados. Fornecedores de Servi\u00e7os: Compartilhamos informa\u00e7\u00f5es com fornecedores que nos ajudam &#8230; <a title=\"Politici de confiden\u021bialitate\" class=\"read-more\" href=\"https:\/\/klatixmob.com\/ro\/politica-de-privacidade\/\" aria-label=\"Cite\u0219te mai multe despre Pol\u00edticas de Privacidade\">cite\u015fte mai mult<\/a><\/p>","protected":false},"author":1,"featured_media":0,"parent":0,"menu_order":0,"comment_status":"closed","ping_status":"open","template":"","meta":{"footnotes":""},"class_list":["post-3","page","type-page","status-publish"],"_links":{"self":[{"href":"https:\/\/klatixmob.com\/ro\/wp-json\/wp\/v2\/pages\/3","targetHints":{"allow":["GET"]}}],"collection":[{"href":"https:\/\/klatixmob.com\/ro\/wp-json\/wp\/v2\/pages"}],"about":[{"href":"https:\/\/klatixmob.com\/ro\/wp-json\/wp\/v2\/types\/page"}],"author":[{"embeddable":true,"href":"https:\/\/klatixmob.com\/ro\/wp-json\/wp\/v2\/users\/1"}],"replies":[{"embeddable":true,"href":"https:\/\/klatixmob.com\/ro\/wp-json\/wp\/v2\/comments?post=3"}],"version-history":[{"count":1,"href":"https:\/\/klatixmob.com\/ro\/wp-json\/wp\/v2\/pages\/3\/revisions"}],"predecessor-version":[{"id":34,"href":"https:\/\/klatixmob.com\/ro\/wp-json\/wp\/v2\/pages\/3\/revisions\/34"}],"wp:attachment":[{"href":"https:\/\/klatixmob.com\/ro\/wp-json\/wp\/v2\/media?parent=3"}],"curies":[{"name":"wp","href":"https:\/\/api.w.org\/{rel}","templated":true}]}}