{"id":3,"date":"2025-03-20T02:23:17","date_gmt":"2025-03-20T02:23:17","guid":{"rendered":"https:\/\/klatixmob.com\/?page_id=3"},"modified":"2025-03-20T05:20:02","modified_gmt":"2025-03-20T05:20:02","slug":"politika-zasebnosti","status":"publish","type":"page","link":"https:\/\/klatixmob.com\/sl\/politica-de-privacidade\/","title":{"rendered":"Politike zasebnosti"},"content":{"rendered":"<p>Dobrodo\u0161li v\u00a0<strong>Klatix<\/strong>mob. Ta pravilnik o zasebnosti opisuje, kako zbiramo, uporabljamo in delimo podatke o vas, ko dostopate ali uporabljate na\u0161e spletno mesto.<\/p>\n\n\n\n<ol class=\"wp-block-list\">\n<li>Podatki, ki jih zbiramo osebne podatke: zbiramo osebne podatke, ki jih prostovoljno posredujete, kot so va\u0161e ime, e-po\u0161tni naslov in drugi kontaktni podatki, ko se prijavite na posodobitve ali kako druga\u010de komunicirate z nami. Podatki o uporabi: samodejno zbiramo informacije o tem, kako dostopate do spletnega mesta in ga uporabljate, vklju\u010dno z vrsto va\u0161e naprave, spletnim brskalnikom, obiskanimi stranmi, kliki, vzorci uporabe in drugimi informacijami o uporabi. Pi\u0161kotki in tehnologije sledenja: Pi\u0161kotke in tehnologije sledenja uporabljamo za prilagajanje va\u0161e izku\u0161nje in zbiranje podatkov o va\u0161i interakciji s spletnim mestom in prikazanimi oglasi.<\/li>\n\n\n\n<li>Uporaba informacij Va\u0161e podatke uporabljamo za:<\/li>\n<\/ol>\n\n\n\n<p>Zagotavljanje, vzdr\u017eevanje in izbolj\u0161anje na\u0161e spletne strani in storitev. Komunicirajte z vami, odgovarjajte na va\u0161a vpra\u0161anja in zahteve. Prikazujte prilagojene oglase in izvajajte analizo podatkov.<\/p>\n\n\n\n<ol start=\"3\" class=\"wp-block-list\">\n<li>Deljenje informacij Va\u0161e podatke lahko delimo s tretjimi osebami v naslednjih okoli\u0161\u010dinah:<\/li>\n<\/ol>\n\n\n\n<p>Ponudniki storitev: Podatke delimo s prodajalci, ki nam pomagajo upravljati spletno mesto, kot je spletno gostovanje in analiza podatkov. Google Ad Exchange: Po potrebi za prikazovanje oglasov prek Google Ad Exchange. Skladnost s pravnimi predpisi: kadar je to potrebno za izpolnjevanje zakonodaje ali odziv na pravni postopek.<\/p>\n\n\n\n<ol start=\"4\" class=\"wp-block-list\">\n<li>Google AdSense V skladu s pogoji Google AdSense vas obve\u0161\u010damo, da Google kot tretji ponudnik uporablja pi\u0161kotke za prikazovanje oglasov na na\u0161i spletni strani. Googlova uporaba pi\u0161kotka DART omogo\u010da prikazovanje oglasov na\u0161im uporabnikom na podlagi njihovih prej\u0161njih obiskov na\u0161ega spletnega mesta in drugih spletnih mest na internetu. Uporabniki lahko zavrnejo uporabo pi\u0161kotka DART tako, da obi\u0161\u010dejo Googlov pravilnik o zasebnosti za oglase in omre\u017eja z vsebinami.<\/li>\n\n\n\n<li>Spremembe pravilnika o zasebnosti Na\u0161 pravilnik o zasebnosti lahko ob\u010dasno posodobimo. O vseh spremembah vas bomo obvestili z objavo novega pravilnika o zasebnosti na tej strani.<\/li>\n\n\n\n<li>Kontakt \u010ce imate kakr\u0161na koli vpra\u0161anja o tem pravilniku o zasebnosti, se obrnite na nas.<\/li>\n<\/ol>","protected":false},"excerpt":{"rendered":"<p>Bem-vindo ao\u00a0KlatixMob. Esta pol\u00edtica de privacidade descreve como coletamos, usamos e compartilhamos informa\u00e7\u00f5es sobre voc\u00ea quando acessa ou usa nosso site. Fornecer, manter e melhorar nosso site e servi\u00e7os. Comunicar-nos com voc\u00ea, responder suas perguntas e solicita\u00e7\u00f5es. Exibir an\u00fancios personalizados e realizar an\u00e1lises de dados. Fornecedores de Servi\u00e7os: Compartilhamos informa\u00e7\u00f5es com fornecedores que nos ajudam &#8230; <a title=\"Politike zasebnosti\" class=\"read-more\" href=\"https:\/\/klatixmob.com\/sl\/politica-de-privacidade\/\" aria-label=\"Read more about Pol\u00edticas de Privacidade\">preberi ve\u010d<\/a><\/p>","protected":false},"author":1,"featured_media":0,"parent":0,"menu_order":0,"comment_status":"closed","ping_status":"open","template":"","meta":{"footnotes":""},"class_list":["post-3","page","type-page","status-publish"],"_links":{"self":[{"href":"https:\/\/klatixmob.com\/sl\/wp-json\/wp\/v2\/pages\/3","targetHints":{"allow":["GET"]}}],"collection":[{"href":"https:\/\/klatixmob.com\/sl\/wp-json\/wp\/v2\/pages"}],"about":[{"href":"https:\/\/klatixmob.com\/sl\/wp-json\/wp\/v2\/types\/page"}],"author":[{"embeddable":true,"href":"https:\/\/klatixmob.com\/sl\/wp-json\/wp\/v2\/users\/1"}],"replies":[{"embeddable":true,"href":"https:\/\/klatixmob.com\/sl\/wp-json\/wp\/v2\/comments?post=3"}],"version-history":[{"count":1,"href":"https:\/\/klatixmob.com\/sl\/wp-json\/wp\/v2\/pages\/3\/revisions"}],"predecessor-version":[{"id":34,"href":"https:\/\/klatixmob.com\/sl\/wp-json\/wp\/v2\/pages\/3\/revisions\/34"}],"wp:attachment":[{"href":"https:\/\/klatixmob.com\/sl\/wp-json\/wp\/v2\/media?parent=3"}],"curies":[{"name":"delovni list","href":"https:\/\/api.w.org\/{rel}","templated":true}]}}