{"id":31,"date":"2025-03-20T04:13:48","date_gmt":"2025-03-20T04:13:48","guid":{"rendered":"https:\/\/klatixmob.com\/?page_id=31"},"modified":"2025-03-24T05:44:11","modified_gmt":"2025-03-24T05:44:11","slug":"pogoji-uporabe","status":"publish","type":"page","link":"https:\/\/klatixmob.com\/sl\/termos-de-uso\/","title":{"rendered":"Pogoji uporabe"},"content":{"rendered":"<p>\u010ce nadaljujete z brskanjem in uporabo tega spletnega mesta, se strinjate, da boste upo\u0161tevali in vas zavezujejo naslednji pogoji uporabe, ki skupaj z na\u0161o politiko zasebnosti urejajo odnos KlatixMob z vami.<\/p>\n\n\n\n<p>\u010ce se ne strinjate s katerim koli delom teh pogojev, vas prosimo, da ne uporabljate na\u0161e spletne strani.<\/p>\n\n\n\n<p>Za uporabo te spletne strani veljajo naslednji pogoji uporabe:<\/p>\n\n\n\n<p>Vsebina strani tega spletnega mesta je samo za va\u0161e splo\u0161ne informacije in uporabo. Pridr\u017eujemo si pravico do sprememb brez predhodnega obvestila. Niti mi niti katera koli tretja oseba ne zagotavlja nobene garancije ali garancije glede to\u010dnosti, pravo\u010dasnosti, uspe\u0161nosti, popolnosti ali primernosti informacij in materialov, ki so na tem spletnem mestu ali so na voljo za kateri koli poseben namen. Va\u0161a uporaba kakr\u0161nih koli informacij ali materialov na tej spletni strani je v celoti na lastno odgovornost, za kar ne odgovarjamo. Ob\u010dasno lahko to spletno mesto vklju\u010duje tudi povezave do drugih spletnih mest. Te povezave so na voljo za va\u0161e udobje pri zagotavljanju dodatnih informacij. Ne odgovarjamo za vsebino povezanih spletnih mest.<\/p>","protected":false},"excerpt":{"rendered":"<p>Se voc\u00ea continuar navegando e usando este site, concorda em cumprir e ficar vinculado aos seguintes termos e condi\u00e7\u00f5es de uso, que, juntamente com nossa pol\u00edtica de privacidade, regem o relacionamento do KlatixMob com voc\u00ea. Se voc\u00ea discordar de qualquer parte destes termos e condi\u00e7\u00f5es, n\u00e3o use nosso site. O uso deste site est\u00e1 sujeito &#8230; <a title=\"Pogoji uporabe\" class=\"read-more\" href=\"https:\/\/klatixmob.com\/sl\/termos-de-uso\/\" aria-label=\"Read more about Termos de Uso\">preberi ve\u010d<\/a><\/p>","protected":false},"author":1,"featured_media":0,"parent":0,"menu_order":0,"comment_status":"closed","ping_status":"closed","template":"","meta":{"footnotes":""},"class_list":["post-31","page","type-page","status-publish"],"_links":{"self":[{"href":"https:\/\/klatixmob.com\/sl\/wp-json\/wp\/v2\/pages\/31","targetHints":{"allow":["GET"]}}],"collection":[{"href":"https:\/\/klatixmob.com\/sl\/wp-json\/wp\/v2\/pages"}],"about":[{"href":"https:\/\/klatixmob.com\/sl\/wp-json\/wp\/v2\/types\/page"}],"author":[{"embeddable":true,"href":"https:\/\/klatixmob.com\/sl\/wp-json\/wp\/v2\/users\/1"}],"replies":[{"embeddable":true,"href":"https:\/\/klatixmob.com\/sl\/wp-json\/wp\/v2\/comments?post=31"}],"version-history":[{"count":1,"href":"https:\/\/klatixmob.com\/sl\/wp-json\/wp\/v2\/pages\/31\/revisions"}],"predecessor-version":[{"id":32,"href":"https:\/\/klatixmob.com\/sl\/wp-json\/wp\/v2\/pages\/31\/revisions\/32"}],"wp:attachment":[{"href":"https:\/\/klatixmob.com\/sl\/wp-json\/wp\/v2\/media?parent=31"}],"curies":[{"name":"delovni list","href":"https:\/\/api.w.org\/{rel}","templated":true}]}}