{"id":3,"date":"2025-03-20T02:23:17","date_gmt":"2025-03-20T02:23:17","guid":{"rendered":"https:\/\/klatixmob.com\/?page_id=3"},"modified":"2025-03-20T05:20:02","modified_gmt":"2025-03-20T05:20:02","slug":"gizlilik-politikasi","status":"publish","type":"page","link":"https:\/\/klatixmob.com\/tr\/politica-de-privacidade\/","title":{"rendered":"Gizlilik Politikalar\u0131"},"content":{"rendered":"<p>Ho\u015f geldiniz\u00a0<strong>Klatix<\/strong>\u00c7ete. Bu gizlilik politikas\u0131, web sitemize eri\u015fti\u011finizde veya web sitemizi kulland\u0131\u011f\u0131n\u0131zda hakk\u0131n\u0131zdaki bilgileri nas\u0131l toplad\u0131\u011f\u0131m\u0131z\u0131, kulland\u0131\u011f\u0131m\u0131z\u0131 ve payla\u015ft\u0131\u011f\u0131m\u0131z\u0131 a\u00e7\u0131klamaktad\u0131r.<\/p>\n\n\n\n<ol class=\"wp-block-list\">\n<li>Toplad\u0131\u011f\u0131m\u0131z Bilgiler Ki\u015fisel Bilgiler: G\u00fcncellemeler i\u00e7in kaydoldu\u011funuzda veya ba\u015fka \u015fekillerde bizimle ileti\u015fim kurdu\u011funuzda ad\u0131n\u0131z, e-posta adresiniz ve di\u011fer ileti\u015fim bilgileriniz gibi g\u00f6n\u00fcll\u00fc olarak sa\u011flad\u0131\u011f\u0131n\u0131z ki\u015fisel bilgileri topluyoruz. Kullan\u0131m Verileri: Cihaz\u0131n\u0131z\u0131n t\u00fcr\u00fc, web taray\u0131c\u0131n\u0131z, ziyaret edilen sayfalar, t\u0131klamalar, kullan\u0131m kal\u0131plar\u0131 ve di\u011fer kullan\u0131m bilgileri dahil olmak \u00fczere Siteye nas\u0131l eri\u015fti\u011finiz ve kulland\u0131\u011f\u0131n\u0131z hakk\u0131nda bilgileri otomatik olarak topluyoruz. \u00c7erezler ve \u0130zleme Teknolojileri: Deneyiminizi ki\u015fiselle\u015ftirmek ve web sitesiyle ve g\u00f6r\u00fcnt\u00fclenen reklamlarla etkile\u015fiminiz hakk\u0131nda veri toplamak i\u00e7in \u00e7erezleri ve izleme teknolojilerini kullan\u0131yoruz.<\/li>\n\n\n\n<li>Bilgilerin Kullan\u0131m\u0131 Bilgilerinizi \u015fu ama\u00e7larla kullan\u0131r\u0131z:<\/li>\n<\/ol>\n\n\n\n<p>Web sitemizi ve hizmetlerimizi sa\u011flamak, s\u00fcrd\u00fcrmek ve iyile\u015ftirmek. Sizinle ileti\u015fim kurmak, sorular\u0131n\u0131za ve isteklerinize cevap vermek. Ki\u015fiselle\u015ftirilmi\u015f reklamlar g\u00f6sterin ve veri analizi yap\u0131n.<\/p>\n\n\n\n<ol start=\"3\" class=\"wp-block-list\">\n<li>Bilgi Payla\u015f\u0131m\u0131 A\u015fa\u011f\u0131daki durumlarda bilgilerinizi \u00fc\u00e7\u00fcnc\u00fc taraflarla payla\u015fabiliriz:<\/li>\n<\/ol>\n\n\n\n<p>Hizmet Sa\u011flay\u0131c\u0131lar\u0131: Web bar\u0131nd\u0131rma ve veri analizi gibi Sitenin i\u015fletilmesinde bize yard\u0131mc\u0131 olan sat\u0131c\u0131larla bilgi payla\u015f\u0131yoruz. Google Ad Exchange: Google Ad Exchange \u00fczerinden reklam g\u00f6r\u00fcnt\u00fclemek i\u00e7in gereklidir. Yasal Uyumluluk: Yasaya uymak veya yasal i\u015fleme yan\u0131t vermek i\u00e7in gerekti\u011finde.<\/p>\n\n\n\n<ol start=\"4\" class=\"wp-block-list\">\n<li>Google AdSense Google AdSense \u015fartlar\u0131na uygun olarak, \u00fc\u00e7\u00fcnc\u00fc taraf bir sat\u0131c\u0131 olan Google&#039;\u0131n web sitemizde reklam yay\u0131nlamak i\u00e7in \u00e7erez kulland\u0131\u011f\u0131n\u0131 bildiririz. Google&#039;\u0131n DART \u00e7erezini kullanmas\u0131, kullan\u0131c\u0131lar\u0131m\u0131za sitemize ve internetteki di\u011fer sitelere yapt\u0131klar\u0131 \u00f6nceki ziyaretlere dayal\u0131 reklamlar sunmas\u0131n\u0131 sa\u011flar. Kullan\u0131c\u0131lar, Google Reklam ve \u0130\u00e7erik A\u011f\u0131 Gizlilik Politikas\u0131&#039;n\u0131 ziyaret ederek DART \u00e7erezinin kullan\u0131m\u0131n\u0131 devre d\u0131\u015f\u0131 b\u0131rakabilirler.<\/li>\n\n\n\n<li>Gizlilik Politikas\u0131nda De\u011fi\u015fiklikler Gizlilik Politikam\u0131z\u0131 zaman zaman g\u00fcncelleyebiliriz. Herhangi bir de\u011fi\u015fiklik olmas\u0131 durumunda yeni Gizlilik Politikas\u0131n\u0131 bu sayfada yay\u0131nlayarak sizi bilgilendirece\u011fiz.<\/li>\n\n\n\n<li>\u0130leti\u015fim Bu Gizlilik Politikas\u0131 hakk\u0131nda herhangi bir sorunuz varsa l\u00fctfen bizimle ileti\u015fime ge\u00e7in.<\/li>\n<\/ol>","protected":false},"excerpt":{"rendered":"<p>Bem-vindo ao\u00a0KlatixMob. Esta pol\u00edtica de privacidade descreve como coletamos, usamos e compartilhamos informa\u00e7\u00f5es sobre voc\u00ea quando acessa ou usa nosso site. Fornecer, manter e melhorar nosso site e servi\u00e7os. Comunicar-nos com voc\u00ea, responder suas perguntas e solicita\u00e7\u00f5es. Exibir an\u00fancios personalizados e realizar an\u00e1lises de dados. Fornecedores de Servi\u00e7os: Compartilhamos informa\u00e7\u00f5es com fornecedores que nos ajudam &#8230; <a title=\"Gizlilik Politikalar\u0131\" class=\"read-more\" href=\"https:\/\/klatixmob.com\/tr\/politica-de-privacidade\/\" aria-label=\"Read more about Pol\u00edticas de Privacidade\">devam\u0131n\u0131 oku<\/a><\/p>","protected":false},"author":1,"featured_media":0,"parent":0,"menu_order":0,"comment_status":"closed","ping_status":"open","template":"","meta":{"footnotes":""},"class_list":["post-3","page","type-page","status-publish"],"_links":{"self":[{"href":"https:\/\/klatixmob.com\/tr\/wp-json\/wp\/v2\/pages\/3","targetHints":{"allow":["GET"]}}],"collection":[{"href":"https:\/\/klatixmob.com\/tr\/wp-json\/wp\/v2\/pages"}],"about":[{"href":"https:\/\/klatixmob.com\/tr\/wp-json\/wp\/v2\/types\/page"}],"author":[{"embeddable":true,"href":"https:\/\/klatixmob.com\/tr\/wp-json\/wp\/v2\/users\/1"}],"replies":[{"embeddable":true,"href":"https:\/\/klatixmob.com\/tr\/wp-json\/wp\/v2\/comments?post=3"}],"version-history":[{"count":1,"href":"https:\/\/klatixmob.com\/tr\/wp-json\/wp\/v2\/pages\/3\/revisions"}],"predecessor-version":[{"id":34,"href":"https:\/\/klatixmob.com\/tr\/wp-json\/wp\/v2\/pages\/3\/revisions\/34"}],"wp:attachment":[{"href":"https:\/\/klatixmob.com\/tr\/wp-json\/wp\/v2\/media?parent=3"}],"curies":[{"name":"wp","href":"https:\/\/api.w.org\/{rel}","templated":true}]}}