{"id":31,"date":"2025-03-20T04:13:48","date_gmt":"2025-03-20T04:13:48","guid":{"rendered":"https:\/\/klatixmob.com\/?page_id=31"},"modified":"2025-03-24T05:44:11","modified_gmt":"2025-03-24T05:44:11","slug":"dieu-khoan-su-dung","status":"publish","type":"page","link":"https:\/\/klatixmob.com\/vi\/termos-de-uso\/","title":{"rendered":"\u0110i\u1ec1u kho\u1ea3n s\u1eed d\u1ee5ng"},"content":{"rendered":"<p>N\u1ebfu b\u1ea1n ti\u1ebfp t\u1ee5c duy\u1ec7t v\u00e0 s\u1eed d\u1ee5ng trang web n\u00e0y, b\u1ea1n \u0111\u1ed3ng \u00fd tu\u00e2n th\u1ee7 v\u00e0 b\u1ecb r\u00e0ng bu\u1ed9c b\u1edfi c\u00e1c \u0111i\u1ec1u kho\u1ea3n v\u00e0 \u0111i\u1ec1u ki\u1ec7n s\u1eed d\u1ee5ng sau \u0111\u00e2y, c\u00f9ng v\u1edbi ch\u00ednh s\u00e1ch b\u1ea3o m\u1eadt c\u1ee7a ch\u00fang t\u00f4i, chi ph\u1ed1i m\u1ed1i quan h\u1ec7 gi\u1eefa KlatixMob v\u1edbi b\u1ea1n.<\/p>\n\n\n\n<p>N\u1ebfu b\u1ea1n kh\u00f4ng \u0111\u1ed3ng \u00fd v\u1edbi b\u1ea5t k\u1ef3 ph\u1ea7n n\u00e0o trong c\u00e1c \u0111i\u1ec1u kho\u1ea3n v\u00e0 \u0111i\u1ec1u ki\u1ec7n n\u00e0y, vui l\u00f2ng kh\u00f4ng s\u1eed d\u1ee5ng trang web c\u1ee7a ch\u00fang t\u00f4i.<\/p>\n\n\n\n<p>Vi\u1ec7c s\u1eed d\u1ee5ng trang web n\u00e0y ph\u1ea3i tu\u00e2n theo c\u00e1c \u0111i\u1ec1u kho\u1ea3n s\u1eed d\u1ee5ng sau:<\/p>\n\n\n\n<p>N\u1ed9i dung c\u1ee7a c\u00e1c trang web n\u00e0y ch\u1ec9 d\u00e0nh cho m\u1ee5c \u0111\u00edch th\u00f4ng tin chung v\u00e0 s\u1eed d\u1ee5ng c\u1ee7a b\u1ea1n. C\u00f3 th\u1ec3 thay \u0111\u1ed5i m\u00e0 kh\u00f4ng c\u1ea7n b\u00e1o tr\u01b0\u1edbc. Ch\u00fang t\u00f4i ho\u1eb7c b\u1ea5t k\u1ef3 b\u00ean th\u1ee9 ba n\u00e0o kh\u00f4ng cung c\u1ea5p b\u1ea5t k\u1ef3 b\u1ea3o h\u00e0nh ho\u1eb7c cam k\u1ebft n\u00e0o v\u1ec1 t\u00ednh ch\u00ednh x\u00e1c, t\u00ednh k\u1ecbp th\u1eddi, hi\u1ec7u su\u1ea5t, t\u00ednh \u0111\u1ea7y \u0111\u1ee7 ho\u1eb7c t\u00ednh ph\u00f9 h\u1ee3p c\u1ee7a th\u00f4ng tin v\u00e0 t\u00e0i li\u1ec7u \u0111\u01b0\u1ee3c t\u00ecm th\u1ea5y ho\u1eb7c cung c\u1ea5p tr\u00ean trang web n\u00e0y cho b\u1ea5t k\u1ef3 m\u1ee5c \u0111\u00edch c\u1ee5 th\u1ec3 n\u00e0o. Vi\u1ec7c b\u1ea1n s\u1eed d\u1ee5ng b\u1ea5t k\u1ef3 th\u00f4ng tin ho\u1eb7c t\u00e0i li\u1ec7u n\u00e0o tr\u00ean trang web n\u00e0y ho\u00e0n to\u00e0n l\u00e0 do b\u1ea1n t\u1ef1 ch\u1ecbu r\u1ee7i ro v\u00e0 ch\u00fang t\u00f4i s\u1ebd kh\u00f4ng ch\u1ecbu tr\u00e1ch nhi\u1ec7m. Th\u1ec9nh tho\u1ea3ng, trang web n\u00e0y c\u0169ng c\u00f3 th\u1ec3 bao g\u1ed3m c\u00e1c li\u00ean k\u1ebft \u0111\u1ebfn c\u00e1c trang web kh\u00e1c. Nh\u1eefng li\u00ean k\u1ebft n\u00e0y \u0111\u01b0\u1ee3c cung c\u1ea5p \u0111\u1ec3 b\u1ea1n c\u00f3 th\u1ec3 d\u1ec5 d\u00e0ng t\u00ecm hi\u1ec3u th\u00eam th\u00f4ng tin. Ch\u00fang t\u00f4i kh\u00f4ng ch\u1ecbu tr\u00e1ch nhi\u1ec7m v\u1ec1 n\u1ed9i dung c\u1ee7a c\u00e1c trang web \u0111\u01b0\u1ee3c li\u00ean k\u1ebft.<\/p>","protected":false},"excerpt":{"rendered":"<p>Se voc\u00ea continuar navegando e usando este site, concorda em cumprir e ficar vinculado aos seguintes termos e condi\u00e7\u00f5es de uso, que, juntamente com nossa pol\u00edtica de privacidade, regem o relacionamento do KlatixMob com voc\u00ea. Se voc\u00ea discordar de qualquer parte destes termos e condi\u00e7\u00f5es, n\u00e3o use nosso site. O uso deste site est\u00e1 sujeito &#8230; <a title=\"\u0110i\u1ec1u kho\u1ea3n s\u1eed d\u1ee5ng\" class=\"read-more\" href=\"https:\/\/klatixmob.com\/vi\/termos-de-uso\/\" aria-label=\"\u0110\u1ecdc th\u00eam v\u1ec1 Termos de Uso\">\u0111\u1ecdc th\u00eam<\/a><\/p>","protected":false},"author":1,"featured_media":0,"parent":0,"menu_order":0,"comment_status":"closed","ping_status":"closed","template":"","meta":{"footnotes":""},"class_list":["post-31","page","type-page","status-publish"],"_links":{"self":[{"href":"https:\/\/klatixmob.com\/vi\/wp-json\/wp\/v2\/pages\/31","targetHints":{"allow":["GET"]}}],"collection":[{"href":"https:\/\/klatixmob.com\/vi\/wp-json\/wp\/v2\/pages"}],"about":[{"href":"https:\/\/klatixmob.com\/vi\/wp-json\/wp\/v2\/types\/page"}],"author":[{"embeddable":true,"href":"https:\/\/klatixmob.com\/vi\/wp-json\/wp\/v2\/users\/1"}],"replies":[{"embeddable":true,"href":"https:\/\/klatixmob.com\/vi\/wp-json\/wp\/v2\/comments?post=31"}],"version-history":[{"count":1,"href":"https:\/\/klatixmob.com\/vi\/wp-json\/wp\/v2\/pages\/31\/revisions"}],"predecessor-version":[{"id":32,"href":"https:\/\/klatixmob.com\/vi\/wp-json\/wp\/v2\/pages\/31\/revisions\/32"}],"wp:attachment":[{"href":"https:\/\/klatixmob.com\/vi\/wp-json\/wp\/v2\/media?parent=31"}],"curies":[{"name":"trang web","href":"https:\/\/api.w.org\/{rel}","templated":true}]}}